{"id":33331,"date":"2025-04-25T14:12:59","date_gmt":"2025-04-25T11:12:59","guid":{"rendered":"https:\/\/www.inprint.md\/ru\/?post_type=product&#038;p=33331"},"modified":"2026-04-21T14:18:35","modified_gmt":"2026-04-21T11:18:35","slug":"portrait-cutting-strip","status":"publish","type":"product","link":"https:\/\/www.inprint.md\/rou\/product\/portrait-cutting-strip\/","title":{"rendered":"Marzan pentru Portrait"},"content":{"rendered":"","protected":false},"excerpt":{"rendered":"<p><span style=\"font-weight: bold;\">Tip<\/span>: Marzan pentru Portret<br \/><span style=\"font-weight: bold;\">Model<\/span>: CUT-STRP-POR<br \/><span style=\"font-weight: bold;\">Lungime<\/span>: 22 cm<br \/><span style=\"font-weight: bold;\">Compatibilitate<\/span>: Silhouette Portrait, Silhouette Portrait 2, Graphtec Craft Robo <br \/><span style=\"font-weight: bold;\">Descriere<\/span>: O band\u0103 special\u0103 lipit\u0103 de-a lungul liniei de mi\u0219care a cu\u021bitului \u00een timpul t\u0103ierii pe plotterul Silhouette Portrait \u0219i Portrait 2. Pentru a men\u021bine o calitate ridicat\u0103 a t\u0103ierii, se recomand\u0103 \u00eenlocuirea periodic\u0103.<\/p>\n","protected":false},"featured_media":33332,"comment_status":"open","ping_status":"closed","template":"","meta":[],"product_brand":[],"product_cat":[82],"product_tag":[],"class_list":{"0":"post-33331","1":"product","2":"type-product","3":"status-publish","4":"has-post-thumbnail","6":"product_cat-zip","8":"first","9":"instock","10":"shipping-taxable","11":"purchasable","12":"product-type-simple"},"_links":{"self":[{"href":"https:\/\/www.inprint.md\/rou\/wp-json\/wp\/v2\/product\/33331","targetHints":{"allow":["GET"]}}],"collection":[{"href":"https:\/\/www.inprint.md\/rou\/wp-json\/wp\/v2\/product"}],"about":[{"href":"https:\/\/www.inprint.md\/rou\/wp-json\/wp\/v2\/types\/product"}],"replies":[{"embeddable":true,"href":"https:\/\/www.inprint.md\/rou\/wp-json\/wp\/v2\/comments?post=33331"}],"wp:featuredmedia":[{"embeddable":true,"href":"https:\/\/www.inprint.md\/rou\/wp-json\/wp\/v2\/media\/33332"}],"wp:attachment":[{"href":"https:\/\/www.inprint.md\/rou\/wp-json\/wp\/v2\/media?parent=33331"}],"wp:term":[{"taxonomy":"product_brand","embeddable":true,"href":"https:\/\/www.inprint.md\/rou\/wp-json\/wp\/v2\/product_brand?post=33331"},{"taxonomy":"product_cat","embeddable":true,"href":"https:\/\/www.inprint.md\/rou\/wp-json\/wp\/v2\/product_cat?post=33331"},{"taxonomy":"product_tag","embeddable":true,"href":"https:\/\/www.inprint.md\/rou\/wp-json\/wp\/v2\/product_tag?post=33331"}],"curies":[{"name":"wp","href":"https:\/\/api.w.org\/{rel}","templated":true}]}}