{"id":33348,"date":"2025-04-25T14:12:53","date_gmt":"2025-04-25T11:12:53","guid":{"rendered":"https:\/\/www.inprint.md\/ru\/?post_type=product&#038;p=33348"},"modified":"2026-04-21T14:18:35","modified_gmt":"2026-04-21T11:18:35","slug":"curio2-power-engraver","status":"publish","type":"product","link":"https:\/\/www.inprint.md\/rou\/product\/curio2-power-engraver\/","title":{"rendered":"Power Engraver pentru Curio 2"},"content":{"rendered":"","protected":false},"excerpt":{"rendered":"<p><span style=\"font-weight: bold;\">Tip<\/span>: Power Engraver pentru Curio 2<br \/><span style=\"font-weight: bold;\">Model<\/span>: CURIO-TOOL-EGV<br \/><span style=\"font-weight: bold;\">Compatibilitate<\/span>: Curio 2<br \/><span style=\"font-weight: bold;\">Descriere<\/span>: Instrumentul de gravur\u0103 Curio 2 v\u0103 permite s\u0103 grava\u021bi pe materiale precum acril, foi de metal \u0219i argil\u0103 argintie. Instrumentul de gravare graveaz\u0103 u\u0219or \u0219i profund designul dvs. pe m\u0103sur\u0103 ce routerul se rote\u0219te. Aceast\u0103 ac\u021biune rotativ\u0103 v\u0103 permite s\u0103 ob\u021bine\u021bi un finisaj excep\u021bional de curat pentru proiectele dvs. \u00een compara\u021bie cu uneltele care se bazeaz\u0103 numai pe presiune atunci c\u00e2nd graveaz\u0103.<span>C\u00e2nd utiliza\u021bi acest instrument pe un plotter Curio 2, este necesar\u0103 tava pentru resturi Curio 2<\/span><\/p>\n","protected":false},"featured_media":33349,"comment_status":"open","ping_status":"closed","template":"","meta":[],"product_brand":[],"product_cat":[82],"product_tag":[],"class_list":{"0":"post-33348","1":"product","2":"type-product","3":"status-publish","4":"has-post-thumbnail","6":"product_cat-zip","8":"first","9":"instock","10":"shipping-taxable","11":"purchasable","12":"product-type-simple"},"_links":{"self":[{"href":"https:\/\/www.inprint.md\/rou\/wp-json\/wp\/v2\/product\/33348","targetHints":{"allow":["GET"]}}],"collection":[{"href":"https:\/\/www.inprint.md\/rou\/wp-json\/wp\/v2\/product"}],"about":[{"href":"https:\/\/www.inprint.md\/rou\/wp-json\/wp\/v2\/types\/product"}],"replies":[{"embeddable":true,"href":"https:\/\/www.inprint.md\/rou\/wp-json\/wp\/v2\/comments?post=33348"}],"wp:featuredmedia":[{"embeddable":true,"href":"https:\/\/www.inprint.md\/rou\/wp-json\/wp\/v2\/media\/33349"}],"wp:attachment":[{"href":"https:\/\/www.inprint.md\/rou\/wp-json\/wp\/v2\/media?parent=33348"}],"wp:term":[{"taxonomy":"product_brand","embeddable":true,"href":"https:\/\/www.inprint.md\/rou\/wp-json\/wp\/v2\/product_brand?post=33348"},{"taxonomy":"product_cat","embeddable":true,"href":"https:\/\/www.inprint.md\/rou\/wp-json\/wp\/v2\/product_cat?post=33348"},{"taxonomy":"product_tag","embeddable":true,"href":"https:\/\/www.inprint.md\/rou\/wp-json\/wp\/v2\/product_tag?post=33348"}],"curies":[{"name":"wp","href":"https:\/\/api.w.org\/{rel}","templated":true}]}}