{"id":33351,"date":"2025-04-25T14:12:52","date_gmt":"2025-04-25T11:12:52","guid":{"rendered":"https:\/\/www.inprint.md\/ru\/?post_type=product&#038;p=33351"},"modified":"2026-04-21T14:18:36","modified_gmt":"2026-04-21T11:18:36","slug":"curio2-leather-punch-tool","status":"publish","type":"product","link":"https:\/\/www.inprint.md\/rou\/product\/curio2-leather-punch-tool\/","title":{"rendered":"Leather Punch Tool pentru Curio 2"},"content":{"rendered":"","protected":false},"excerpt":{"rendered":"<p><span style=\"font-weight: bold;\">Tip<\/span>: Leather Punch Tool pentru Curio 2<br \/><span style=\"font-weight: bold;\">Model<\/span>: CURIO-TOOL-PUNCH-SET<br \/><span style=\"font-weight: bold;\">Compatibilitate<\/span>: Curio 2<br \/><span style=\"font-weight: bold;\">Echipament<\/span>: instrument de perforare (suport scule 2) \/ virf de 1 mm \/ virf de 3 mm \/ virf de 5 mm<br \/><span style=\"font-weight: bold;\">Descriere<\/span>: Unealt\u0103 electric\u0103 care face g\u0103uri \u00een materiale compatibile, cum ar fi carton \u0219i piele. Pentru o func\u021bionare corect\u0103 este necesar un covora\u0219 de relief.<\/p>\n","protected":false},"featured_media":33352,"comment_status":"open","ping_status":"closed","template":"","meta":[],"product_brand":[],"product_cat":[82],"product_tag":[],"class_list":{"0":"post-33351","1":"product","2":"type-product","3":"status-publish","4":"has-post-thumbnail","6":"product_cat-zip","8":"first","9":"instock","10":"shipping-taxable","11":"purchasable","12":"product-type-simple"},"_links":{"self":[{"href":"https:\/\/www.inprint.md\/rou\/wp-json\/wp\/v2\/product\/33351","targetHints":{"allow":["GET"]}}],"collection":[{"href":"https:\/\/www.inprint.md\/rou\/wp-json\/wp\/v2\/product"}],"about":[{"href":"https:\/\/www.inprint.md\/rou\/wp-json\/wp\/v2\/types\/product"}],"replies":[{"embeddable":true,"href":"https:\/\/www.inprint.md\/rou\/wp-json\/wp\/v2\/comments?post=33351"}],"wp:featuredmedia":[{"embeddable":true,"href":"https:\/\/www.inprint.md\/rou\/wp-json\/wp\/v2\/media\/33352"}],"wp:attachment":[{"href":"https:\/\/www.inprint.md\/rou\/wp-json\/wp\/v2\/media?parent=33351"}],"wp:term":[{"taxonomy":"product_brand","embeddable":true,"href":"https:\/\/www.inprint.md\/rou\/wp-json\/wp\/v2\/product_brand?post=33351"},{"taxonomy":"product_cat","embeddable":true,"href":"https:\/\/www.inprint.md\/rou\/wp-json\/wp\/v2\/product_cat?post=33351"},{"taxonomy":"product_tag","embeddable":true,"href":"https:\/\/www.inprint.md\/rou\/wp-json\/wp\/v2\/product_tag?post=33351"}],"curies":[{"name":"wp","href":"https:\/\/api.w.org\/{rel}","templated":true}]}}