{"id":33898,"date":"2025-06-05T17:35:07","date_gmt":"2025-06-05T14:35:07","guid":{"rendered":"https:\/\/www.inprint.md\/ru\/?post_type=product&#038;p=33898"},"modified":"2026-04-21T14:18:31","modified_gmt":"2026-04-21T11:18:31","slug":"media-dnp-ds620-4x6-800-prints","status":"publish","type":"product","link":"https:\/\/www.inprint.md\/rou\/product\/media-dnp-ds620-4x6-800-prints\/","title":{"rendered":"Media DNP DS620 10*15 800 printuri"},"content":{"rendered":"","protected":false},"excerpt":{"rendered":"<p><span style=\"font-weight: bold;\">Tip<\/span>: Media DNP DS620 10*15 800 printuri<br \/><span style=\"font-weight: bold;\">Cod producator<\/span>: 212624<br \/><span style=\"font-weight: bold;\">Imprimante acceptate<\/span>: DS620<br \/><span style=\"font-weight: bold;\">Suprafa\u021b\u0103 maxim\u0103 imprimabil\u0103<\/span>: 10,2 x 15,2 cm<br \/><span style=\"font-weight: bold;\">Capacitate rol\u0103<\/span>: 800 de imprim\u0103ri (10&#215;15)<br \/><span style=\"font-weight: bold;\">Suprafa\u021b\u0103 suport<\/span>: Lucioas\u0103 sau semilucioas\u0103 (op\u021biune \u00een driver)<br \/><span style=\"font-weight: bold;\">Textur\u0103 suport<\/span>: Neted\u0103 sau lucioas\u0103 (op\u021biune \u00een driver)<br \/><span style=\"font-weight: bold;\">Gramataj suport<\/span>: 230 g\/m2<br \/><span style=\"font-weight: bold;\">Setul include<\/span>: H\u00e2rtie l\u0103\u021bime 152 mm &#8211; 2 role \/ panglic\u0103 de cerneal\u0103 l\u0103\u021bime 152 mm &#8211; 2 role<\/p>\n","protected":false},"featured_media":33906,"comment_status":"open","ping_status":"closed","template":"","meta":[],"product_brand":[],"product_cat":[1172],"product_tag":[],"class_list":{"0":"post-33898","1":"product","2":"type-product","3":"status-publish","4":"has-post-thumbnail","6":"product_cat-dnp","8":"first","9":"instock","10":"shipping-taxable","11":"purchasable","12":"product-type-simple"},"_links":{"self":[{"href":"https:\/\/www.inprint.md\/rou\/wp-json\/wp\/v2\/product\/33898","targetHints":{"allow":["GET"]}}],"collection":[{"href":"https:\/\/www.inprint.md\/rou\/wp-json\/wp\/v2\/product"}],"about":[{"href":"https:\/\/www.inprint.md\/rou\/wp-json\/wp\/v2\/types\/product"}],"replies":[{"embeddable":true,"href":"https:\/\/www.inprint.md\/rou\/wp-json\/wp\/v2\/comments?post=33898"}],"wp:featuredmedia":[{"embeddable":true,"href":"https:\/\/www.inprint.md\/rou\/wp-json\/wp\/v2\/media\/33906"}],"wp:attachment":[{"href":"https:\/\/www.inprint.md\/rou\/wp-json\/wp\/v2\/media?parent=33898"}],"wp:term":[{"taxonomy":"product_brand","embeddable":true,"href":"https:\/\/www.inprint.md\/rou\/wp-json\/wp\/v2\/product_brand?post=33898"},{"taxonomy":"product_cat","embeddable":true,"href":"https:\/\/www.inprint.md\/rou\/wp-json\/wp\/v2\/product_cat?post=33898"},{"taxonomy":"product_tag","embeddable":true,"href":"https:\/\/www.inprint.md\/rou\/wp-json\/wp\/v2\/product_tag?post=33898"}],"curies":[{"name":"wp","href":"https:\/\/api.w.org\/{rel}","templated":true}]}}