{"id":33900,"date":"2025-06-05T14:47:41","date_gmt":"2025-06-05T11:47:41","guid":{"rendered":"https:\/\/www.inprint.md\/ru\/?post_type=product&#038;p=33900"},"modified":"2026-04-21T14:18:31","modified_gmt":"2026-04-21T11:18:31","slug":"printer-dnp-ds-rx1-hs","status":"publish","type":"product","link":"https:\/\/www.inprint.md\/rou\/product\/printer-dnp-ds-rx1-hs\/","title":{"rendered":"Imprimanta DNP DS-RX1 HS"},"content":{"rendered":"","protected":false},"excerpt":{"rendered":"<p><span style=\"font-weight: bold;\">Tip<\/span>: Imprimant\u0103 DNP DS-RX1 HS<br \/><span style=\"font-weight: bold;\">Cod producator<\/span>: 369717<br \/><span style=\"font-weight: bold;\">Tehnologie de imprimare<\/span>: Sublimare prin transfer termic, folie YMC 3x culoare + strat protector<br \/><span style=\"font-weight: bold;\">Vitez\u0103 de imprimare<\/span>: P\u00e2n\u0103 la 290 de imprim\u0103ri (\u00een format 10*15) pe or\u0103<br \/><span style=\"font-weight: bold;\">Grada\u021bie<\/span>: 256 (8 bi\u021bi) pentru fiecare culoare<br \/><span style=\"font-weight: bold;\">Rezolu\u021bie (dpi)<\/span><span style=\"font-weight: normal;\">:<\/span> 300*300 (mod vitez\u0103 mare) \/ 300*600 (mod calitate \u00eenalt\u0103)<br \/><span style=\"font-weight: bold;\">Func\u021bie de derulare a peliculei<\/span>: Pentru imprimare mat\u0103 \u0219i lucioas\u0103<br \/><span style=\"font-weight: bold;\">Conectivitate<\/span>: SL620 sau DST4<br \/><span style=\"font-weight: bold;\">Memorie<\/span>: 64 MB<br \/><span style=\"font-weight: bold;\">Interfa\u021b\u0103<\/span>: USB 2.0<\/p>\n","protected":false},"featured_media":33911,"comment_status":"open","ping_status":"closed","template":"","meta":[],"product_brand":[],"product_cat":[1172],"product_tag":[],"class_list":{"0":"post-33900","1":"product","2":"type-product","3":"status-publish","4":"has-post-thumbnail","6":"product_cat-dnp","8":"first","9":"instock","10":"shipping-taxable","11":"purchasable","12":"product-type-simple"},"_links":{"self":[{"href":"https:\/\/www.inprint.md\/rou\/wp-json\/wp\/v2\/product\/33900","targetHints":{"allow":["GET"]}}],"collection":[{"href":"https:\/\/www.inprint.md\/rou\/wp-json\/wp\/v2\/product"}],"about":[{"href":"https:\/\/www.inprint.md\/rou\/wp-json\/wp\/v2\/types\/product"}],"replies":[{"embeddable":true,"href":"https:\/\/www.inprint.md\/rou\/wp-json\/wp\/v2\/comments?post=33900"}],"wp:featuredmedia":[{"embeddable":true,"href":"https:\/\/www.inprint.md\/rou\/wp-json\/wp\/v2\/media\/33911"}],"wp:attachment":[{"href":"https:\/\/www.inprint.md\/rou\/wp-json\/wp\/v2\/media?parent=33900"}],"wp:term":[{"taxonomy":"product_brand","embeddable":true,"href":"https:\/\/www.inprint.md\/rou\/wp-json\/wp\/v2\/product_brand?post=33900"},{"taxonomy":"product_cat","embeddable":true,"href":"https:\/\/www.inprint.md\/rou\/wp-json\/wp\/v2\/product_cat?post=33900"},{"taxonomy":"product_tag","embeddable":true,"href":"https:\/\/www.inprint.md\/rou\/wp-json\/wp\/v2\/product_tag?post=33900"}],"curies":[{"name":"wp","href":"https:\/\/api.w.org\/{rel}","templated":true}]}}