{"id":34023,"date":"2025-06-18T16:50:56","date_gmt":"2025-06-18T13:50:56","guid":{"rendered":"https:\/\/www.inprint.md\/ru\/?post_type=product&#038;p=34023"},"modified":"2026-04-29T11:29:44","modified_gmt":"2026-04-29T08:29:44","slug":"car-charger-ac-50w-toocki","status":"publish","type":"product","link":"https:\/\/www.inprint.md\/rou\/product\/car-charger-ac-50w-toocki\/","title":{"rendered":"Incarcator auto Toocki 50W"},"content":{"rendered":"","protected":false},"excerpt":{"rendered":"<p><span style=\"font-weight: bold;\">Tip<\/span>: Incarcator autoToocki 50W<br \/><span style=\"font-weight: bold;\">Putere maxim\u0103 de ie\u0219ire<\/span>: 50W<br \/><span style=\"font-weight: bold;\">Interfa\u021b\u0103 de ie\u0219ire<\/span>: USB-C + USB-A<br \/>Display: Nu<br \/><span style=\"font-weight: bold;\">Culoare<\/span>: Negru<br \/><span style=\"font-weight: bold;\">\u00cenc\u0103rcare inteligent\u0103<\/span>: Da<\/p>\n","protected":false},"featured_media":34140,"comment_status":"open","ping_status":"closed","template":"","meta":[],"product_brand":[],"product_cat":[1176],"product_tag":[],"class_list":{"0":"post-34023","1":"product","2":"type-product","3":"status-publish","4":"has-post-thumbnail","6":"product_cat-chargers","8":"first","9":"instock","10":"shipping-taxable","11":"purchasable","12":"product-type-simple"},"_links":{"self":[{"href":"https:\/\/www.inprint.md\/rou\/wp-json\/wp\/v2\/product\/34023","targetHints":{"allow":["GET"]}}],"collection":[{"href":"https:\/\/www.inprint.md\/rou\/wp-json\/wp\/v2\/product"}],"about":[{"href":"https:\/\/www.inprint.md\/rou\/wp-json\/wp\/v2\/types\/product"}],"replies":[{"embeddable":true,"href":"https:\/\/www.inprint.md\/rou\/wp-json\/wp\/v2\/comments?post=34023"}],"wp:featuredmedia":[{"embeddable":true,"href":"https:\/\/www.inprint.md\/rou\/wp-json\/wp\/v2\/media\/34140"}],"wp:attachment":[{"href":"https:\/\/www.inprint.md\/rou\/wp-json\/wp\/v2\/media?parent=34023"}],"wp:term":[{"taxonomy":"product_brand","embeddable":true,"href":"https:\/\/www.inprint.md\/rou\/wp-json\/wp\/v2\/product_brand?post=34023"},{"taxonomy":"product_cat","embeddable":true,"href":"https:\/\/www.inprint.md\/rou\/wp-json\/wp\/v2\/product_cat?post=34023"},{"taxonomy":"product_tag","embeddable":true,"href":"https:\/\/www.inprint.md\/rou\/wp-json\/wp\/v2\/product_tag?post=34023"}],"curies":[{"name":"wp","href":"https:\/\/api.w.org\/{rel}","templated":true}]}}