{"id":34024,"date":"2025-06-18T17:19:48","date_gmt":"2025-06-18T14:19:48","guid":{"rendered":"https:\/\/www.inprint.md\/ru\/?post_type=product&#038;p=34024"},"modified":"2026-04-29T11:29:44","modified_gmt":"2026-04-29T08:29:44","slug":"true-wireless-earphones-v068a-white-toocki","status":"publish","type":"product","link":"https:\/\/www.inprint.md\/rou\/product\/true-wireless-earphones-v068a-white-toocki\/","title":{"rendered":"Casti wireless Toocki V068A"},"content":{"rendered":"<p><iframe title=\"Toocki V068A bluetooth 5.3 TWS\" width=\"422\" height=\"750\" src=\"https:\/\/www.youtube.com\/embed\/XGxFwuAMQnU?feature=oembed\" frameborder=\"0\" allow=\"accelerometer; autoplay; clipboard-write; encrypted-media; gyroscope; picture-in-picture; web-share\" referrerpolicy=\"strict-origin-when-cross-origin\" allowfullscreen><\/iframe><\/p>\n","protected":false},"excerpt":{"rendered":"<p><span style=\"font-weight: bold;\">Tip<\/span>: Casti wireless Toocki V068A<br \/><span style=\"font-weight: bold;\">Material<\/span>: ABS<br \/><span style=\"font-weight: bold;\">Capacitate baterie c\u0103\u0219ti<\/span>: 40mAh<br \/><span style=\"font-weight: bold;\">Capacitate baterie  carcas\u0103 de \u00eenc\u0103rcare<\/span>: 400mAh<br \/><span style=\"font-weight: bold;\">Timp in mod de a\u0219teptare<\/span>: Aproximativ 35 de ore<br \/><span style=\"font-weight: bold;\">Versiune Bluetooth<\/span>: V5.3<br \/><span style=\"font-weight: bold;\">Distan\u021b\u0103 de recep\u021bie Bluetooth<\/span>: Aproximativ 12m<br \/><span style=\"font-weight: bold;\">Clasificare impermeabilitate<\/span>: IPX4<br \/><span style=\"font-weight: bold;\">Culoare<\/span>: Bej<\/p>\n","protected":false},"featured_media":34132,"comment_status":"open","ping_status":"closed","template":"","meta":[],"product_brand":[],"product_cat":[1177],"product_tag":[],"class_list":{"0":"post-34024","1":"product","2":"type-product","3":"status-publish","4":"has-post-thumbnail","6":"product_cat-audio","8":"first","9":"instock","10":"shipping-taxable","11":"purchasable","12":"product-type-simple"},"_links":{"self":[{"href":"https:\/\/www.inprint.md\/rou\/wp-json\/wp\/v2\/product\/34024","targetHints":{"allow":["GET"]}}],"collection":[{"href":"https:\/\/www.inprint.md\/rou\/wp-json\/wp\/v2\/product"}],"about":[{"href":"https:\/\/www.inprint.md\/rou\/wp-json\/wp\/v2\/types\/product"}],"replies":[{"embeddable":true,"href":"https:\/\/www.inprint.md\/rou\/wp-json\/wp\/v2\/comments?post=34024"}],"wp:featuredmedia":[{"embeddable":true,"href":"https:\/\/www.inprint.md\/rou\/wp-json\/wp\/v2\/media\/34132"}],"wp:attachment":[{"href":"https:\/\/www.inprint.md\/rou\/wp-json\/wp\/v2\/media?parent=34024"}],"wp:term":[{"taxonomy":"product_brand","embeddable":true,"href":"https:\/\/www.inprint.md\/rou\/wp-json\/wp\/v2\/product_brand?post=34024"},{"taxonomy":"product_cat","embeddable":true,"href":"https:\/\/www.inprint.md\/rou\/wp-json\/wp\/v2\/product_cat?post=34024"},{"taxonomy":"product_tag","embeddable":true,"href":"https:\/\/www.inprint.md\/rou\/wp-json\/wp\/v2\/product_tag?post=34024"}],"curies":[{"name":"wp","href":"https:\/\/api.w.org\/{rel}","templated":true}]}}