{"id":34158,"date":"2025-06-19T12:53:10","date_gmt":"2025-06-19T09:53:10","guid":{"rendered":"https:\/\/www.inprint.md\/ru\/?post_type=product&#038;p=34158"},"modified":"2026-04-29T11:29:43","modified_gmt":"2026-04-29T08:29:43","slug":"usb-c-l-data-cable-20w-1m-toocki","status":"publish","type":"product","link":"https:\/\/www.inprint.md\/rou\/product\/usb-c-l-data-cable-20w-1m-toocki\/","title":{"rendered":"Cablu USB Type-C to Lightning 20W Toocki"},"content":{"rendered":"","protected":false},"excerpt":{"rendered":"<p><span style=\"font-weight: bold;\">Tip<\/span>: Cablu USB Type-C to Lightning Toocki <br \/><span style=\"font-weight: bold;\">Interfa\u021b\u0103 st\u00e2ng\u0103<\/span>: USB Type-C<br \/><span style=\"font-weight: bold;\">Interfa\u021b\u0103 dreapt\u0103<\/span>: Lightning <br \/><span style=\"font-weight: bold;\">Lungime cablu<\/span>: 1 m<br \/><span style=\"font-weight: bold;\">Curent nominal<\/span>: 2,4 A<br \/><span style=\"font-weight: bold;\">Culoare<\/span>: Negru<br \/><span style=\"font-weight: bold;\">Material \u00eempletitur\u0103<\/span>: Nylon<br \/><span style=\"font-weight: bold;\">Putere maxim\u0103 de \u00eenc\u0103rcare<\/span>: 20 W<\/p>\n","protected":false},"featured_media":34166,"comment_status":"open","ping_status":"closed","template":"","meta":[],"product_brand":[],"product_cat":[1175],"product_tag":[],"class_list":{"0":"post-34158","1":"product","2":"type-product","3":"status-publish","4":"has-post-thumbnail","6":"product_cat-cables","8":"first","9":"instock","10":"shipping-taxable","11":"purchasable","12":"product-type-simple"},"_links":{"self":[{"href":"https:\/\/www.inprint.md\/rou\/wp-json\/wp\/v2\/product\/34158","targetHints":{"allow":["GET"]}}],"collection":[{"href":"https:\/\/www.inprint.md\/rou\/wp-json\/wp\/v2\/product"}],"about":[{"href":"https:\/\/www.inprint.md\/rou\/wp-json\/wp\/v2\/types\/product"}],"replies":[{"embeddable":true,"href":"https:\/\/www.inprint.md\/rou\/wp-json\/wp\/v2\/comments?post=34158"}],"wp:featuredmedia":[{"embeddable":true,"href":"https:\/\/www.inprint.md\/rou\/wp-json\/wp\/v2\/media\/34166"}],"wp:attachment":[{"href":"https:\/\/www.inprint.md\/rou\/wp-json\/wp\/v2\/media?parent=34158"}],"wp:term":[{"taxonomy":"product_brand","embeddable":true,"href":"https:\/\/www.inprint.md\/rou\/wp-json\/wp\/v2\/product_brand?post=34158"},{"taxonomy":"product_cat","embeddable":true,"href":"https:\/\/www.inprint.md\/rou\/wp-json\/wp\/v2\/product_cat?post=34158"},{"taxonomy":"product_tag","embeddable":true,"href":"https:\/\/www.inprint.md\/rou\/wp-json\/wp\/v2\/product_tag?post=34158"}],"curies":[{"name":"wp","href":"https:\/\/api.w.org\/{rel}","templated":true}]}}