{"id":34376,"date":"2025-06-27T11:40:33","date_gmt":"2025-06-27T08:40:33","guid":{"rendered":"https:\/\/www.inprint.md\/ru\/?post_type=product&#038;p=34376"},"modified":"2025-11-27T14:58:38","modified_gmt":"2025-11-27T12:58:38","slug":"ricoh-imc2000-used","status":"publish","type":"product","link":"https:\/\/www.inprint.md\/rou\/product\/ricoh-imc2000-used\/","title":{"rendered":"Copiator Ricoh IMC2000 Uzat"},"content":{"rendered":"","protected":false},"excerpt":{"rendered":"<p><span style=\"font-weight: bold;\">Dispozitiv<\/span>: Copiator Ricoh IMC2000 Uzat<br \/><span style=\"font-weight: bold;\">Tip de imprimare<\/span>: Color<br \/><span style=\"font-weight: bold;\">Tehnologie de imprimare<\/span>: Laser<br \/><span style=\"font-weight: bold;\">Viteza de imprimare<\/span>: 20 ppm<br \/><span style=\"font-weight: bold;\">Imprimare duplex<\/span>: Da<br \/><span style=\"font-weight: bold;\">Imprimare pe<\/span>: Carton, pelicula, etichete, h\u00e2rtie lucioas\u0103, plicuri, h\u00e2rtie mat\u0103<br \/><span style=\"font-weight: bold;\">Capacitate cartus<\/span>: 10 500 pagini (color), 16 500 pagini (negru)<br \/><span style=\"font-weight: bold;\">Numar de cartuse<\/span>: 4<br \/><span style=\"font-weight: bold;\">Rezolu\u021bie de imprimare<\/span>: 1200 x 1200 dpi<br \/><span style=\"font-weight: bold;\">ADF<\/span>: Da<br \/><span style=\"font-weight: bold;\">Tip alimentator automat<\/span>: Duplex inversat (RADF)<br \/><span style=\"font-weight: bold;\">Viteza de scanare<\/span>: 80 ppm<br \/><span style=\"font-weight: bold;\">Rezolu\u021bie de scanare<\/span>: 1200 x 1200 dpi<br \/><span style=\"font-weight: bold;\">Dimensiunea h\u00e2rtiei acceptat\u0103<\/span>: A3, A4, A5, A6, B4, B5, B6<br \/><span style=\"font-weight: bold;\">Greutatea h\u00e2rtiei<\/span>: 52\u2013300 g\/m\u00b2<br \/><span style=\"font-weight: bold;\">Interfa\u021b\u0103 USB<\/span>: Da<br \/><span style=\"font-weight: bold;\">Interfa\u021b\u0103 Ethernet<\/span>: Da<br \/><span style=\"font-weight: bold;\">Display<\/span>: Panou de control inteligent de 10,1&#8243;<br \/><span style=\"font-weight: bold;\">Contoare<\/span>: P\u00e2n\u0103 la 100k<\/p>\n","protected":false},"featured_media":34391,"comment_status":"open","ping_status":"closed","template":"","meta":[],"product_brand":[],"product_cat":[1151],"product_tag":[1157,1156,1155],"class_list":{"0":"post-34376","1":"product","2":"type-product","3":"status-publish","4":"has-post-thumbnail","6":"product_cat-copiers","7":"product_tag-copire-uzate","8":"product_tag-used-copiers","9":"product_tag-1155","11":"first","12":"instock","13":"shipping-taxable","14":"purchasable","15":"product-type-simple"},"_links":{"self":[{"href":"https:\/\/www.inprint.md\/rou\/wp-json\/wp\/v2\/product\/34376","targetHints":{"allow":["GET"]}}],"collection":[{"href":"https:\/\/www.inprint.md\/rou\/wp-json\/wp\/v2\/product"}],"about":[{"href":"https:\/\/www.inprint.md\/rou\/wp-json\/wp\/v2\/types\/product"}],"replies":[{"embeddable":true,"href":"https:\/\/www.inprint.md\/rou\/wp-json\/wp\/v2\/comments?post=34376"}],"wp:featuredmedia":[{"embeddable":true,"href":"https:\/\/www.inprint.md\/rou\/wp-json\/wp\/v2\/media\/34391"}],"wp:attachment":[{"href":"https:\/\/www.inprint.md\/rou\/wp-json\/wp\/v2\/media?parent=34376"}],"wp:term":[{"taxonomy":"product_brand","embeddable":true,"href":"https:\/\/www.inprint.md\/rou\/wp-json\/wp\/v2\/product_brand?post=34376"},{"taxonomy":"product_cat","embeddable":true,"href":"https:\/\/www.inprint.md\/rou\/wp-json\/wp\/v2\/product_cat?post=34376"},{"taxonomy":"product_tag","embeddable":true,"href":"https:\/\/www.inprint.md\/rou\/wp-json\/wp\/v2\/product_tag?post=34376"}],"curies":[{"name":"wp","href":"https:\/\/api.w.org\/{rel}","templated":true}]}}