{"id":3447,"date":"2020-04-24T15:34:54","date_gmt":"2020-04-24T12:34:54","guid":{"rendered":"https:\/\/www.inprint.md\/?post_type=product&#038;p=3447"},"modified":"2026-04-08T08:45:02","modified_gmt":"2026-04-08T05:45:02","slug":"4print-matt-100g-sublimation-a4","status":"publish","type":"product","link":"https:\/\/www.inprint.md\/rou\/product\/4print-matt-100g-sublimation-a4\/","title":{"rendered":"Hartie pentru sublimare 4Print 100g A4"},"content":{"rendered":"","protected":false},"excerpt":{"rendered":"<p><span style=\"font-weight: bold;\">Denumire<\/span>: Hartie pentru sublimare<br \/><span style=\"font-weight: bold;\">Suprafata hirtiei<\/span>: Mata (sublimare)<br \/><span style=\"font-weight: bold;\">Densitate<\/span>: 100 g\/m2<br \/><span style=\"font-weight: bold;\">Format<\/span>: A4<br \/><span style=\"font-weight: bold;\">Tip<\/span>: Cast Coated<br \/><span style=\"font-weight: bold;\">Folosit cu cerneal\u0103<\/span>: Sublimare<br \/><span style=\"font-weight: bold;\">Cantitate per pachet<\/span>: 100 buc<br \/>H\u00e2rtia de sublimare ac\u021bioneaz\u0103 ca un suport care transfer\u0103 o imagine de la o imprimant\u0103 de sublimare pe suprafa\u021ba diferitelor materiale prin transfer termic.<\/p>\n","protected":false},"featured_media":28856,"comment_status":"open","ping_status":"closed","template":"","meta":[],"product_brand":[],"product_cat":[1149],"product_tag":[],"class_list":{"0":"post-3447","1":"product","2":"type-product","3":"status-publish","4":"has-post-thumbnail","6":"product_cat-sublimation_paper","8":"first","9":"instock","10":"shipping-taxable","11":"purchasable","12":"product-type-simple"},"_links":{"self":[{"href":"https:\/\/www.inprint.md\/rou\/wp-json\/wp\/v2\/product\/3447","targetHints":{"allow":["GET"]}}],"collection":[{"href":"https:\/\/www.inprint.md\/rou\/wp-json\/wp\/v2\/product"}],"about":[{"href":"https:\/\/www.inprint.md\/rou\/wp-json\/wp\/v2\/types\/product"}],"replies":[{"embeddable":true,"href":"https:\/\/www.inprint.md\/rou\/wp-json\/wp\/v2\/comments?post=3447"}],"wp:featuredmedia":[{"embeddable":true,"href":"https:\/\/www.inprint.md\/rou\/wp-json\/wp\/v2\/media\/28856"}],"wp:attachment":[{"href":"https:\/\/www.inprint.md\/rou\/wp-json\/wp\/v2\/media?parent=3447"}],"wp:term":[{"taxonomy":"product_brand","embeddable":true,"href":"https:\/\/www.inprint.md\/rou\/wp-json\/wp\/v2\/product_brand?post=3447"},{"taxonomy":"product_cat","embeddable":true,"href":"https:\/\/www.inprint.md\/rou\/wp-json\/wp\/v2\/product_cat?post=3447"},{"taxonomy":"product_tag","embeddable":true,"href":"https:\/\/www.inprint.md\/rou\/wp-json\/wp\/v2\/product_tag?post=3447"}],"curies":[{"name":"wp","href":"https:\/\/api.w.org\/{rel}","templated":true}]}}