{"id":34850,"date":"2025-07-30T17:02:34","date_gmt":"2025-07-30T14:02:34","guid":{"rendered":"https:\/\/www.inprint.md\/ru\/?post_type=product&#038;p=34850"},"modified":"2026-05-13T17:45:09","modified_gmt":"2026-05-13T14:45:09","slug":"synthetic-tshirt-courage-white","status":"publish","type":"product","link":"https:\/\/www.inprint.md\/rou\/product\/synthetic-tshirt-courage-white\/","title":{"rendered":"Courage White"},"content":{"rendered":"<p>Tricou cu m\u00e2nec\u0103 scurt\u0103 \u0219i cu guler rotund. Are cus\u0103turi laterale. Fabricat din poliester \u00eens\u0103 de tact bumbac.<br \/>\n\u00cen plus, datorit\u0103 materialului s\u0103u special pentru sublimare, este un model perfect pentru a fi personalizat.<\/p>\n<table border=\"1\" cellspacing=\"1\" cellpadding=\"4\" align=\"center\">\n<caption>Informatii tehnice suplimentare asupra produsului<\/caption>\n<tbody>\n<tr>\n<td style=\"text-align: center;\">Marimi<\/td>\n<td style=\"text-align: center;\">Masuri<br \/>\n(Latime\/Lungime)<\/td>\n<td style=\"text-align: center;\">Bucati<br \/>\npachet<\/td>\n<td style=\"text-align: center;\">Bucati<br \/>\ncutie<\/td>\n<\/tr>\n<tr>\n<td style=\"text-align: center;\"><strong>S<\/strong><\/td>\n<td style=\"text-align: center;\"><strong>[44cm\/62cm]<\/strong><\/td>\n<td style=\"text-align: center;\">1<\/td>\n<td style=\"text-align: center;\">100<\/td>\n<\/tr>\n<tr>\n<td style=\"text-align: center;\"><strong>M<\/strong><\/td>\n<td style=\"text-align: center;\"><strong>[45cm\/64cm]<\/strong><\/td>\n<td style=\"text-align: center;\">1<\/td>\n<td style=\"text-align: center;\">100<\/td>\n<\/tr>\n<tr>\n<td style=\"text-align: center;\"><strong>L<\/strong><\/td>\n<td style=\"text-align: center;\"><strong>[48cm\/65cm]<\/strong><\/td>\n<td style=\"text-align: center;\">1<\/td>\n<td style=\"text-align: center;\">100<\/td>\n<\/tr>\n<tr>\n<td style=\"text-align: center;\"><strong>XL<\/strong><\/td>\n<td style=\"text-align: center;\"><strong>[49cm\/68cm]<\/strong><\/td>\n<td style=\"text-align: center;\">1<\/td>\n<td style=\"text-align: center;\">100<\/td>\n<\/tr>\n<tr>\n<td style=\"text-align: center;\"><strong>XXL<\/strong><\/td>\n<td style=\"text-align: center;\"><strong>[52cm\/73cm]<\/strong><\/td>\n<td style=\"text-align: center;\">1<\/td>\n<td style=\"text-align: center;\">100<\/td>\n<\/tr>\n<tr>\n<td style=\"text-align: center;\"><strong>XXXL<\/strong><\/td>\n<td style=\"text-align: center;\"><strong>[55cm\/74cm]<\/strong><\/td>\n<td style=\"text-align: center;\">1<\/td>\n<td style=\"text-align: center;\">100<\/td>\n<\/tr>\n<\/tbody>\n<\/table>\n","protected":false},"excerpt":{"rendered":"<p><span class=\"subtitleDetails\"><strong>Compozi\u021bie<\/strong><br \/>\n<\/span>100% poliester, tact bumbac, 200 g\/m\u00b2.<\/p>\n<p><span class=\"subtitleDetails\"><strong>Comentarii<\/strong><br \/>\n<\/span>*Produs special pentru sublimare.<\/p>\n<p><span class=\"subtitleDetails\"><strong>Ambalare<\/strong><br \/>\n<\/span><span id=\"MainContent_Label4\">Pachet<\/span>\u00a0 1 <span id=\"MainContent_Label1\">unitate<\/span>\u00a0,\u00a0<span id=\"MainContent_Label5\">Cutie<\/span> 100\u00a0<span id=\"MainContent_Label2\">unit\u0103\u021bi<\/span><\/p>\n<p><span class=\"subtitleDetails\"><strong>M\u0103rimi<\/strong><br \/>\n<\/span>Adul\u021bi S, M, L, XL,XXL,XXXL<\/p>\n","protected":false},"featured_media":34861,"comment_status":"open","ping_status":"closed","template":"","meta":[],"product_brand":[],"product_cat":[20],"product_tag":[],"class_list":{"0":"post-34850","1":"product","2":"type-product","3":"status-publish","4":"has-post-thumbnail","6":"product_cat-synthetic","8":"first","9":"instock","10":"shipping-taxable","11":"purchasable","12":"product-type-variable","13":"has-default-attributes"},"_links":{"self":[{"href":"https:\/\/www.inprint.md\/rou\/wp-json\/wp\/v2\/product\/34850","targetHints":{"allow":["GET"]}}],"collection":[{"href":"https:\/\/www.inprint.md\/rou\/wp-json\/wp\/v2\/product"}],"about":[{"href":"https:\/\/www.inprint.md\/rou\/wp-json\/wp\/v2\/types\/product"}],"replies":[{"embeddable":true,"href":"https:\/\/www.inprint.md\/rou\/wp-json\/wp\/v2\/comments?post=34850"}],"wp:featuredmedia":[{"embeddable":true,"href":"https:\/\/www.inprint.md\/rou\/wp-json\/wp\/v2\/media\/34861"}],"wp:attachment":[{"href":"https:\/\/www.inprint.md\/rou\/wp-json\/wp\/v2\/media?parent=34850"}],"wp:term":[{"taxonomy":"product_brand","embeddable":true,"href":"https:\/\/www.inprint.md\/rou\/wp-json\/wp\/v2\/product_brand?post=34850"},{"taxonomy":"product_cat","embeddable":true,"href":"https:\/\/www.inprint.md\/rou\/wp-json\/wp\/v2\/product_cat?post=34850"},{"taxonomy":"product_tag","embeddable":true,"href":"https:\/\/www.inprint.md\/rou\/wp-json\/wp\/v2\/product_tag?post=34850"}],"curies":[{"name":"wp","href":"https:\/\/api.w.org\/{rel}","templated":true}]}}