{"id":34904,"date":"2025-08-04T10:56:46","date_gmt":"2025-08-04T07:56:46","guid":{"rendered":"https:\/\/www.inprint.md\/ru\/?post_type=product&#038;p=34904"},"modified":"2026-05-06T16:46:00","modified_gmt":"2026-05-06T13:46:00","slug":"small-press-1q-yd-1","status":"publish","type":"product","link":"https:\/\/www.inprint.md\/rou\/product\/small-press-1q-yd-1\/","title":{"rendered":"Mini Presa Termica 1Q-YD-1"},"content":{"rendered":"<p><iframe title=\"EasyPress Mini Heat Press Machine for T Shirts Shoes Hats and Small HTV Vinyl Projects\" width=\"500\" height=\"281\" src=\"https:\/\/www.youtube.com\/embed\/homWjf0Z9kc?feature=oembed\" frameborder=\"0\" allow=\"accelerometer; autoplay; clipboard-write; encrypted-media; gyroscope; picture-in-picture; web-share\" referrerpolicy=\"strict-origin-when-cross-origin\" allowfullscreen><\/iframe><\/p>\n","protected":false},"excerpt":{"rendered":"<p><span style=\"font-weight: bold;\">Tip<\/span>: Mini Presa Termica <br \/><span style=\"font-weight: bold;\">Model<\/span>: 1Q-YD-1<br \/><span style=\"font-weight: bold;\">Suprafa\u021b\u0103 de \u00eenc\u0103lzire<\/span>: 6,2 \u00d7 10,6 cm<br \/><span style=\"font-weight: bold;\">Tensiune<\/span>: 220V<br \/><span style=\"font-weight: bold;\">Interval de temperatur\u0103<\/span>: 1 nivel (L) 140\u00b0C, 2 nivel (M) 160\u00b0C, 3 nivel (H) 190\u00b0C<br \/><span style=\"font-weight: bold;\">Greutate<\/span>: 0,7KG<\/p>\n","protected":false},"featured_media":34917,"comment_status":"open","ping_status":"closed","template":"","meta":[],"product_brand":[],"product_cat":[78],"product_tag":[],"class_list":{"0":"post-34904","1":"product","2":"type-product","3":"status-publish","4":"has-post-thumbnail","6":"product_cat-other-press","8":"first","9":"instock","10":"shipping-taxable","11":"purchasable","12":"product-type-simple"},"_links":{"self":[{"href":"https:\/\/www.inprint.md\/rou\/wp-json\/wp\/v2\/product\/34904","targetHints":{"allow":["GET"]}}],"collection":[{"href":"https:\/\/www.inprint.md\/rou\/wp-json\/wp\/v2\/product"}],"about":[{"href":"https:\/\/www.inprint.md\/rou\/wp-json\/wp\/v2\/types\/product"}],"replies":[{"embeddable":true,"href":"https:\/\/www.inprint.md\/rou\/wp-json\/wp\/v2\/comments?post=34904"}],"wp:featuredmedia":[{"embeddable":true,"href":"https:\/\/www.inprint.md\/rou\/wp-json\/wp\/v2\/media\/34917"}],"wp:attachment":[{"href":"https:\/\/www.inprint.md\/rou\/wp-json\/wp\/v2\/media?parent=34904"}],"wp:term":[{"taxonomy":"product_brand","embeddable":true,"href":"https:\/\/www.inprint.md\/rou\/wp-json\/wp\/v2\/product_brand?post=34904"},{"taxonomy":"product_cat","embeddable":true,"href":"https:\/\/www.inprint.md\/rou\/wp-json\/wp\/v2\/product_cat?post=34904"},{"taxonomy":"product_tag","embeddable":true,"href":"https:\/\/www.inprint.md\/rou\/wp-json\/wp\/v2\/product_tag?post=34904"}],"curies":[{"name":"wp","href":"https:\/\/api.w.org\/{rel}","templated":true}]}}