{"id":35342,"date":"2025-09-02T16:38:53","date_gmt":"2025-09-02T13:38:53","guid":{"rendered":"https:\/\/www.inprint.md\/ru\/?post_type=product&#038;p=35342"},"modified":"2026-04-21T14:18:36","modified_gmt":"2026-04-21T11:18:36","slug":"silhouette-heat-pen-super-fine","status":"publish","type":"product","link":"https:\/\/www.inprint.md\/rou\/product\/silhouette-heat-pen-super-fine\/","title":{"rendered":"Stiloul termic Silhouette Heat Pen Super-Fine"},"content":{"rendered":"","protected":false},"excerpt":{"rendered":"<p><span style=\"font-weight: bold;\">Tip<\/span>: Stiloul termic Silhouette superfin<br \/><span style=\"font-weight: bold;\">Model<\/span>: SILH-HEAT-PEN-SF<br \/><span style=\"font-weight: bold;\">Temperatur\u0103 maxim\u0103<\/span>: 150\u2103\uff08+\/-15\u2103)<br \/><span style=\"font-weight: bold;\">Compatibilitate<\/span>: Silhouette Curio 2, Silhouette Cameo 5, Silhouette Portrait 4, Silhouette Cameo 5 Plus, Silhouette CAMEO PRO MK-II<br \/><span style=\"font-weight: bold;\">Aplica\u021bie<\/span>: Stiloul termic Silhouette Super-Fine are un v\u00e2rf de 0,5 mm care v\u0103 permite s\u0103 transfera\u021bi folia pe anumite materiale, cum ar fi cartonul \u0219i pielea artificial\u0103, folosind c\u0103ldur\u0103 \u00een loc de presiune, rezult\u00e2nd un finisaj mai curat, mai str\u0103lucitor \u0219i mai durabil.<\/p>\n","protected":false},"featured_media":35346,"comment_status":"open","ping_status":"closed","template":"","meta":[],"product_brand":[],"product_cat":[82],"product_tag":[],"class_list":{"0":"post-35342","1":"product","2":"type-product","3":"status-publish","4":"has-post-thumbnail","6":"product_cat-zip","8":"first","9":"instock","10":"shipping-taxable","11":"purchasable","12":"product-type-simple"},"_links":{"self":[{"href":"https:\/\/www.inprint.md\/rou\/wp-json\/wp\/v2\/product\/35342","targetHints":{"allow":["GET"]}}],"collection":[{"href":"https:\/\/www.inprint.md\/rou\/wp-json\/wp\/v2\/product"}],"about":[{"href":"https:\/\/www.inprint.md\/rou\/wp-json\/wp\/v2\/types\/product"}],"replies":[{"embeddable":true,"href":"https:\/\/www.inprint.md\/rou\/wp-json\/wp\/v2\/comments?post=35342"}],"wp:featuredmedia":[{"embeddable":true,"href":"https:\/\/www.inprint.md\/rou\/wp-json\/wp\/v2\/media\/35346"}],"wp:attachment":[{"href":"https:\/\/www.inprint.md\/rou\/wp-json\/wp\/v2\/media?parent=35342"}],"wp:term":[{"taxonomy":"product_brand","embeddable":true,"href":"https:\/\/www.inprint.md\/rou\/wp-json\/wp\/v2\/product_brand?post=35342"},{"taxonomy":"product_cat","embeddable":true,"href":"https:\/\/www.inprint.md\/rou\/wp-json\/wp\/v2\/product_cat?post=35342"},{"taxonomy":"product_tag","embeddable":true,"href":"https:\/\/www.inprint.md\/rou\/wp-json\/wp\/v2\/product_tag?post=35342"}],"curies":[{"name":"wp","href":"https:\/\/api.w.org\/{rel}","templated":true}]}}