{"id":3545,"date":"2020-04-24T17:13:39","date_gmt":"2020-04-24T14:13:39","guid":{"rendered":"https:\/\/www.inprint.md\/?post_type=product&#038;p=3545"},"modified":"2026-04-09T18:01:58","modified_gmt":"2026-04-09T15:01:58","slug":"label-roll-brother-dk-22210-29mm-30-48m-original","status":"publish","type":"product","link":"https:\/\/www.inprint.md\/rou\/product\/label-roll-brother-dk-22210-29mm-30-48m-original\/","title":{"rendered":"Roal de etichete originala  Brother DK-22210"},"content":{"rendered":"","protected":false},"excerpt":{"rendered":"<p><span style=\"font-weight: bold;\">Latime: <\/span><span style=\"font-weight: normal;\">29 mm<\/span><span style=\"font-weight: bold;\"><br \/>Lungime: <\/span><span style=\"font-weight: normal;\">30,48 m<\/span><span style=\"font-weight: bold;\"><br \/>Model: <\/span><span style=\"font-weight: normal;\">DK-22210<\/span><span style=\"font-weight: bold;\"><br \/>Tip: <\/span><span style=\"font-weight: normal;\">Band\u0103 de h\u00e2rtie continu\u0103<\/span><span style=\"font-weight: bold;\"><br \/>Culoare imprimare: <\/span><span style=\"font-weight: normal;\">Negru pe fundal alb<\/span><span style=\"font-weight: bold;\"><br \/>Compatibil: <\/span><span style=\"font-weight: normal;\">Brother QL-800,QL-810W,QL-820NWB,QL-570,QL-710W,QL-720NW<\/span><\/p>\n","protected":false},"featured_media":4433,"comment_status":"open","ping_status":"closed","template":"","meta":[],"product_brand":[],"product_cat":[944],"product_tag":[],"class_list":{"0":"post-3545","1":"product","2":"type-product","3":"status-publish","4":"has-post-thumbnail","6":"product_cat-labelcart","8":"first","9":"outofstock","10":"shipping-taxable","11":"purchasable","12":"product-type-simple"},"_links":{"self":[{"href":"https:\/\/www.inprint.md\/rou\/wp-json\/wp\/v2\/product\/3545","targetHints":{"allow":["GET"]}}],"collection":[{"href":"https:\/\/www.inprint.md\/rou\/wp-json\/wp\/v2\/product"}],"about":[{"href":"https:\/\/www.inprint.md\/rou\/wp-json\/wp\/v2\/types\/product"}],"replies":[{"embeddable":true,"href":"https:\/\/www.inprint.md\/rou\/wp-json\/wp\/v2\/comments?post=3545"}],"wp:featuredmedia":[{"embeddable":true,"href":"https:\/\/www.inprint.md\/rou\/wp-json\/wp\/v2\/media\/4433"}],"wp:attachment":[{"href":"https:\/\/www.inprint.md\/rou\/wp-json\/wp\/v2\/media?parent=3545"}],"wp:term":[{"taxonomy":"product_brand","embeddable":true,"href":"https:\/\/www.inprint.md\/rou\/wp-json\/wp\/v2\/product_brand?post=3545"},{"taxonomy":"product_cat","embeddable":true,"href":"https:\/\/www.inprint.md\/rou\/wp-json\/wp\/v2\/product_cat?post=3545"},{"taxonomy":"product_tag","embeddable":true,"href":"https:\/\/www.inprint.md\/rou\/wp-json\/wp\/v2\/product_tag?post=3545"}],"curies":[{"name":"wp","href":"https:\/\/api.w.org\/{rel}","templated":true}]}}