{"id":35695,"date":"2025-09-24T16:05:13","date_gmt":"2025-09-24T13:05:13","guid":{"rendered":"https:\/\/www.inprint.md\/ru\/?post_type=product&#038;p=35695"},"modified":"2026-02-18T15:55:23","modified_gmt":"2026-02-18T13:55:23","slug":"image-transfer-paper","status":"publish","type":"product","link":"https:\/\/www.inprint.md\/rou\/product\/image-transfer-paper\/","title":{"rendered":"Hartie de transfer pentru suprafete dure Silhouette"},"content":{"rendered":"","protected":false},"excerpt":{"rendered":"<p><span style=\"font-weight: bold;\">Tip<\/span>: Hartie de transfer pentru suprafete dure Silhouette<br \/><span style=\"font-weight: bold;\">Model<\/span>: MEDIA-TRANS-PPR<br \/><span style=\"font-weight: bold;\">Culoare<\/span>: Alb<br \/><span style=\"font-weight: bold;\">Dimensiune<\/span>: 21,6 x 28 cm<br \/><span style=\"font-weight: bold;\">Imprimare<\/span>: Imprimant\u0103 laser<br \/><span style=\"font-weight: bold;\">Aplica\u021bie<\/span>: H\u00e2rtie de transfer pentru suprafe\u021be dure, pentru transferul imaginilor imprimate pe suprafe\u021be dure, cum ar fi lemn, c\u0103r\u0103mid\u0103 \u0219i beton. Pur \u0219i simplu imprima\u021bi modele pe aceast\u0103 h\u00e2rtie unic\u0103 folosind o imprimant\u0103 laser \u0219i utiliza\u021bi func\u021bia Print &#038; Cut de pe ma\u0219ina de t\u0103iat Silhouette pentru a decupa imaginile de-a lungul conturului.Imaginea decupat\u0103 poate fi apoi transferat\u0103 pe suprafa\u021b\u0103. Imaginea imprimat\u0103 va reflecta textura suprafe\u021bei pe care este transferat\u0103. Pentru transfer, pur \u0219i simplu umezi\u021bi imaginea decupat\u0103. Imaginea poate fi \u00eendep\u0103rtat\u0103 prin cl\u0103tire cu ap\u0103.<\/p>\n","protected":false},"featured_media":35706,"comment_status":"open","ping_status":"closed","template":"","meta":[],"product_brand":[],"product_cat":[1182],"product_tag":[],"class_list":{"0":"post-35695","1":"product","2":"type-product","3":"status-publish","4":"has-post-thumbnail","6":"product_cat-silh-media","8":"first","9":"outofstock","10":"shipping-taxable","11":"purchasable","12":"product-type-simple"},"_links":{"self":[{"href":"https:\/\/www.inprint.md\/rou\/wp-json\/wp\/v2\/product\/35695","targetHints":{"allow":["GET"]}}],"collection":[{"href":"https:\/\/www.inprint.md\/rou\/wp-json\/wp\/v2\/product"}],"about":[{"href":"https:\/\/www.inprint.md\/rou\/wp-json\/wp\/v2\/types\/product"}],"replies":[{"embeddable":true,"href":"https:\/\/www.inprint.md\/rou\/wp-json\/wp\/v2\/comments?post=35695"}],"wp:featuredmedia":[{"embeddable":true,"href":"https:\/\/www.inprint.md\/rou\/wp-json\/wp\/v2\/media\/35706"}],"wp:attachment":[{"href":"https:\/\/www.inprint.md\/rou\/wp-json\/wp\/v2\/media?parent=35695"}],"wp:term":[{"taxonomy":"product_brand","embeddable":true,"href":"https:\/\/www.inprint.md\/rou\/wp-json\/wp\/v2\/product_brand?post=35695"},{"taxonomy":"product_cat","embeddable":true,"href":"https:\/\/www.inprint.md\/rou\/wp-json\/wp\/v2\/product_cat?post=35695"},{"taxonomy":"product_tag","embeddable":true,"href":"https:\/\/www.inprint.md\/rou\/wp-json\/wp\/v2\/product_tag?post=35695"}],"curies":[{"name":"wp","href":"https:\/\/api.w.org\/{rel}","templated":true}]}}