{"id":35700,"date":"2025-09-24T16:07:59","date_gmt":"2025-09-24T13:07:59","guid":{"rendered":"https:\/\/www.inprint.md\/ru\/?post_type=product&#038;p=35700"},"modified":"2026-02-12T07:54:02","modified_gmt":"2026-02-12T05:54:02","slug":"metal-etching-sheets","status":"publish","type":"product","link":"https:\/\/www.inprint.md\/rou\/product\/metal-etching-sheets\/","title":{"rendered":"Metal pentru gravare Silhouette Curio"},"content":{"rendered":"","protected":false},"excerpt":{"rendered":"<p><span style=\"font-weight: bold;\">Tip<\/span>: Metal pentru gravare Silhouette Curio<br \/><span style=\"font-weight: bold;\">Model<\/span>: METAL-ETCH<br \/><span style=\"font-weight: bold;\">Complectatie<\/span>: 3 foi diferite (negru, auriu, roz)<br \/><span style=\"font-weight: bold;\">Dimensiune<\/span>: 12,7 x 17,8 cm<br \/><span style=\"font-weight: bold;\">Destinat<\/span>: Silhouette Curio<br \/><span style=\"font-weight: bold;\">Utilizare<\/span>: Metal pentru gravare cu Curio.Foi metalice anodizate, special concepute pentru gravarea cu plotterul de t\u0103iere Silhouette Curio. Suprafa\u021ba colorat\u0103 vibrant\u0103 contrasteaz\u0103 frumos cu baza u\u0219oar\u0103 din aluminiu.<\/p>\n","protected":false},"featured_media":35714,"comment_status":"open","ping_status":"closed","template":"","meta":[],"product_brand":[],"product_cat":[1182],"product_tag":[],"class_list":{"0":"post-35700","1":"product","2":"type-product","3":"status-publish","4":"has-post-thumbnail","6":"product_cat-silh-media","8":"first","9":"outofstock","10":"shipping-taxable","11":"purchasable","12":"product-type-simple"},"_links":{"self":[{"href":"https:\/\/www.inprint.md\/rou\/wp-json\/wp\/v2\/product\/35700","targetHints":{"allow":["GET"]}}],"collection":[{"href":"https:\/\/www.inprint.md\/rou\/wp-json\/wp\/v2\/product"}],"about":[{"href":"https:\/\/www.inprint.md\/rou\/wp-json\/wp\/v2\/types\/product"}],"replies":[{"embeddable":true,"href":"https:\/\/www.inprint.md\/rou\/wp-json\/wp\/v2\/comments?post=35700"}],"wp:featuredmedia":[{"embeddable":true,"href":"https:\/\/www.inprint.md\/rou\/wp-json\/wp\/v2\/media\/35714"}],"wp:attachment":[{"href":"https:\/\/www.inprint.md\/rou\/wp-json\/wp\/v2\/media?parent=35700"}],"wp:term":[{"taxonomy":"product_brand","embeddable":true,"href":"https:\/\/www.inprint.md\/rou\/wp-json\/wp\/v2\/product_brand?post=35700"},{"taxonomy":"product_cat","embeddable":true,"href":"https:\/\/www.inprint.md\/rou\/wp-json\/wp\/v2\/product_cat?post=35700"},{"taxonomy":"product_tag","embeddable":true,"href":"https:\/\/www.inprint.md\/rou\/wp-json\/wp\/v2\/product_tag?post=35700"}],"curies":[{"name":"wp","href":"https:\/\/api.w.org\/{rel}","templated":true}]}}