{"id":35702,"date":"2025-09-24T16:09:21","date_gmt":"2025-09-24T13:09:21","guid":{"rendered":"https:\/\/www.inprint.md\/ru\/?post_type=product&#038;p=35702"},"modified":"2026-02-12T07:54:02","modified_gmt":"2026-02-12T05:54:02","slug":"sticker-paper-glow-in-the-dark","status":"publish","type":"product","link":"https:\/\/www.inprint.md\/rou\/product\/sticker-paper-glow-in-the-dark\/","title":{"rendered":"Sticker care straluceste in intuneric Silhouette"},"content":{"rendered":"","protected":false},"excerpt":{"rendered":"<p><span style=\"font-weight: bold;\">Tip<\/span>: Sticker care straluceste in intuneric Silhouette<br \/><span style=\"font-weight: bold;\">Model<\/span>: MEDIA-GITD-ADH<br \/><span style=\"font-weight: bold;\">Include<\/span>: 2 foi<br \/><span style=\"font-weight: bold;\">Dimensiune<\/span>: 21,5 cm x 27,9 cm<br \/><span style=\"font-weight: bold;\">Grosime<\/span>: 0,35 mm<br \/><span style=\"font-weight: bold;\">Mod de utilizare<\/span>: Acest material are o suprafa\u021b\u0103 imprimabil\u0103 \u0219i un suport adeziv. Pur \u0219i simplu imprima\u021bi imaginea pe o foaie de autocolante str\u0103lucitoare \u00een \u00eentuneric, apoi decupa\u021bi-o de-a lungul conturului folosind func\u021bia Print &#038; Cut a ma\u0219inii de decupat Silhouette.<\/p>\n","protected":false},"featured_media":35718,"comment_status":"open","ping_status":"closed","template":"","meta":[],"product_brand":[],"product_cat":[1182],"product_tag":[],"class_list":{"0":"post-35702","1":"product","2":"type-product","3":"status-publish","4":"has-post-thumbnail","6":"product_cat-silh-media","8":"first","9":"instock","10":"shipping-taxable","11":"purchasable","12":"product-type-simple"},"_links":{"self":[{"href":"https:\/\/www.inprint.md\/rou\/wp-json\/wp\/v2\/product\/35702","targetHints":{"allow":["GET"]}}],"collection":[{"href":"https:\/\/www.inprint.md\/rou\/wp-json\/wp\/v2\/product"}],"about":[{"href":"https:\/\/www.inprint.md\/rou\/wp-json\/wp\/v2\/types\/product"}],"replies":[{"embeddable":true,"href":"https:\/\/www.inprint.md\/rou\/wp-json\/wp\/v2\/comments?post=35702"}],"wp:featuredmedia":[{"embeddable":true,"href":"https:\/\/www.inprint.md\/rou\/wp-json\/wp\/v2\/media\/35718"}],"wp:attachment":[{"href":"https:\/\/www.inprint.md\/rou\/wp-json\/wp\/v2\/media?parent=35702"}],"wp:term":[{"taxonomy":"product_brand","embeddable":true,"href":"https:\/\/www.inprint.md\/rou\/wp-json\/wp\/v2\/product_brand?post=35702"},{"taxonomy":"product_cat","embeddable":true,"href":"https:\/\/www.inprint.md\/rou\/wp-json\/wp\/v2\/product_cat?post=35702"},{"taxonomy":"product_tag","embeddable":true,"href":"https:\/\/www.inprint.md\/rou\/wp-json\/wp\/v2\/product_tag?post=35702"}],"curies":[{"name":"wp","href":"https:\/\/api.w.org\/{rel}","templated":true}]}}