{"id":35704,"date":"2025-09-24T16:10:33","date_gmt":"2025-09-24T13:10:33","guid":{"rendered":"https:\/\/www.inprint.md\/ru\/?post_type=product&#038;p=35704"},"modified":"2026-03-10T16:04:22","modified_gmt":"2026-03-10T14:04:22","slug":"double-sided-adhesive","status":"publish","type":"product","link":"https:\/\/www.inprint.md\/rou\/product\/double-sided-adhesive\/","title":{"rendered":"Pelicula adeziva fata-verso Silhouette"},"content":{"rendered":"","protected":false},"excerpt":{"rendered":"<p><span style=\"font-weight: bold;\">Tip<\/span>: Pelicula adeziva fata-verso Silhouette<br \/><span style=\"font-weight: bold;\">Model<\/span>: MEDIA-ADHESIVE-3T<br \/><span style=\"font-weight: bold;\">Complectatie<\/span>: 8 foi<br \/><span style=\"font-weight: bold;\">Dimensiune<\/span>: 21,6 x 27,9 cm<br \/><span style=\"font-weight: bold;\">Utilizare<\/span>: Folie dublu adeziv\u0103 pentru t\u0103ierea imaginilor pe un plotter de t\u0103iere \u0219i, atunci c\u00e2nd este utilizat\u0103 cu sclipici, pudr\u0103 de flock, pudr\u0103 de embossare sau orice alt material, este potrivit\u0103 pentru crearea de efecte speciale atr\u0103g\u0103toare pe h\u00e2rtie \u0219i carton.<\/p>\n","protected":false},"featured_media":35722,"comment_status":"open","ping_status":"closed","template":"","meta":[],"product_brand":[],"product_cat":[1182],"product_tag":[],"class_list":{"0":"post-35704","1":"product","2":"type-product","3":"status-publish","4":"has-post-thumbnail","6":"product_cat-silh-media","8":"first","9":"instock","10":"shipping-taxable","11":"purchasable","12":"product-type-simple"},"_links":{"self":[{"href":"https:\/\/www.inprint.md\/rou\/wp-json\/wp\/v2\/product\/35704","targetHints":{"allow":["GET"]}}],"collection":[{"href":"https:\/\/www.inprint.md\/rou\/wp-json\/wp\/v2\/product"}],"about":[{"href":"https:\/\/www.inprint.md\/rou\/wp-json\/wp\/v2\/types\/product"}],"replies":[{"embeddable":true,"href":"https:\/\/www.inprint.md\/rou\/wp-json\/wp\/v2\/comments?post=35704"}],"wp:featuredmedia":[{"embeddable":true,"href":"https:\/\/www.inprint.md\/rou\/wp-json\/wp\/v2\/media\/35722"}],"wp:attachment":[{"href":"https:\/\/www.inprint.md\/rou\/wp-json\/wp\/v2\/media?parent=35704"}],"wp:term":[{"taxonomy":"product_brand","embeddable":true,"href":"https:\/\/www.inprint.md\/rou\/wp-json\/wp\/v2\/product_brand?post=35704"},{"taxonomy":"product_cat","embeddable":true,"href":"https:\/\/www.inprint.md\/rou\/wp-json\/wp\/v2\/product_cat?post=35704"},{"taxonomy":"product_tag","embeddable":true,"href":"https:\/\/www.inprint.md\/rou\/wp-json\/wp\/v2\/product_tag?post=35704"}],"curies":[{"name":"wp","href":"https:\/\/api.w.org\/{rel}","templated":true}]}}