{"id":35851,"date":"2025-10-06T11:08:42","date_gmt":"2025-10-06T08:08:42","guid":{"rendered":"https:\/\/www.inprint.md\/ru\/?post_type=product&#038;p=35851"},"modified":"2026-02-12T07:54:02","modified_gmt":"2026-02-12T05:54:02","slug":"washi-paper-media-silhouette","status":"publish","type":"product","link":"https:\/\/www.inprint.md\/rou\/product\/washi-paper-media-silhouette\/","title":{"rendered":"Hirtia Washi Silhouette"},"content":{"rendered":"","protected":false},"excerpt":{"rendered":"<p><span style=\"font-weight: bold;\">Tip<\/span>: Hirtia Washi Silhouette<br \/><span style=\"font-weight: bold;\">Model<\/span>: MEDIA-WASHI-ADH-3T<br \/><span style=\"font-weight: bold;\">Cantitate<\/span>: 3 foi<br \/><span style=\"font-weight: bold;\">Grosime<\/span>: 0,15 mm<br \/><span style=\"font-weight: bold;\">Dimensiune<\/span>: 30,4 cm x 30,4 cm<br \/><span style=\"font-weight: bold;\">Aplicare<\/span>: Fiecare foie prezint\u0103 trei modele Washi diferite \u0219i un suport adeziv. Pur \u0219i simplu dezlipi\u021bi imaginile decupate de pe suport \u0219i aplica\u021bi-le direct pe proiectul dvs., ca pe un autocolant. Suprafa\u021ba modelului este u\u0219or translucid\u0103, astfel \u00eenc\u00e2t modelul va sem\u0103na par\u021bial cu suprafa\u021ba pe care este aplicat.<\/p>\n","protected":false},"featured_media":35871,"comment_status":"open","ping_status":"closed","template":"","meta":[],"product_brand":[],"product_cat":[1182],"product_tag":[],"class_list":{"0":"post-35851","1":"product","2":"type-product","3":"status-publish","4":"has-post-thumbnail","6":"product_cat-silh-media","8":"first","9":"instock","10":"shipping-taxable","11":"purchasable","12":"product-type-simple"},"_links":{"self":[{"href":"https:\/\/www.inprint.md\/rou\/wp-json\/wp\/v2\/product\/35851","targetHints":{"allow":["GET"]}}],"collection":[{"href":"https:\/\/www.inprint.md\/rou\/wp-json\/wp\/v2\/product"}],"about":[{"href":"https:\/\/www.inprint.md\/rou\/wp-json\/wp\/v2\/types\/product"}],"replies":[{"embeddable":true,"href":"https:\/\/www.inprint.md\/rou\/wp-json\/wp\/v2\/comments?post=35851"}],"wp:featuredmedia":[{"embeddable":true,"href":"https:\/\/www.inprint.md\/rou\/wp-json\/wp\/v2\/media\/35871"}],"wp:attachment":[{"href":"https:\/\/www.inprint.md\/rou\/wp-json\/wp\/v2\/media?parent=35851"}],"wp:term":[{"taxonomy":"product_brand","embeddable":true,"href":"https:\/\/www.inprint.md\/rou\/wp-json\/wp\/v2\/product_brand?post=35851"},{"taxonomy":"product_cat","embeddable":true,"href":"https:\/\/www.inprint.md\/rou\/wp-json\/wp\/v2\/product_cat?post=35851"},{"taxonomy":"product_tag","embeddable":true,"href":"https:\/\/www.inprint.md\/rou\/wp-json\/wp\/v2\/product_tag?post=35851"}],"curies":[{"name":"wp","href":"https:\/\/api.w.org\/{rel}","templated":true}]}}