{"id":35855,"date":"2025-10-06T11:11:57","date_gmt":"2025-10-06T08:11:57","guid":{"rendered":"https:\/\/www.inprint.md\/ru\/?post_type=product&#038;p=35855"},"modified":"2026-02-12T07:54:02","modified_gmt":"2026-02-12T05:54:02","slug":"window-cling-white-silhouette","status":"publish","type":"product","link":"https:\/\/www.inprint.md\/rou\/product\/window-cling-white-silhouette\/","title":{"rendered":"Folie statica pentru imprimare si taiere Silhouette"},"content":{"rendered":"","protected":false},"excerpt":{"rendered":"<p><span style=\"font-weight: bold;\">Tip<\/span>: Folie statica pentru imprimare si taiere Silhouette<br \/><span style=\"font-weight: bold;\">Model<\/span>: MEDIA-CLING-WHT<br \/><span style=\"font-weight: bold;\">Complectatia<\/span>: 5 foi<br \/><span style=\"font-weight: bold;\">Dimensiune<\/span>: 21,5 cm x 28 cm<br \/><span style=\"font-weight: bold;\">Utilizare<\/span>: Acest material are o suprafa\u021b\u0103 imprimat\u0103 \u0219i un suport adeziv care ader\u0103 temporar la suprafa\u021ba sticlei. Plasa\u021bi \u0219i \u00eendep\u0103rta\u021bi cu u\u0219urin\u021b\u0103 imaginile imprimate. Pur \u0219i simplu imprima\u021bi imaginea pe folia static\u0103 alb\u0103, apoi t\u0103ia\u021bi-o de-a lungul conturului folosind func\u021bia Print &#038; Cut (Imprimare \u0219i t\u0103iere). Imaginile imprimate pe acest tip de material sunt opace din cauza fundalului alb.<\/p>\n","protected":false},"featured_media":35864,"comment_status":"open","ping_status":"closed","template":"","meta":[],"product_brand":[],"product_cat":[1182],"product_tag":[],"class_list":{"0":"post-35855","1":"product","2":"type-product","3":"status-publish","4":"has-post-thumbnail","6":"product_cat-silh-media","8":"first","9":"instock","10":"shipping-taxable","11":"purchasable","12":"product-type-simple"},"_links":{"self":[{"href":"https:\/\/www.inprint.md\/rou\/wp-json\/wp\/v2\/product\/35855","targetHints":{"allow":["GET"]}}],"collection":[{"href":"https:\/\/www.inprint.md\/rou\/wp-json\/wp\/v2\/product"}],"about":[{"href":"https:\/\/www.inprint.md\/rou\/wp-json\/wp\/v2\/types\/product"}],"replies":[{"embeddable":true,"href":"https:\/\/www.inprint.md\/rou\/wp-json\/wp\/v2\/comments?post=35855"}],"wp:featuredmedia":[{"embeddable":true,"href":"https:\/\/www.inprint.md\/rou\/wp-json\/wp\/v2\/media\/35864"}],"wp:attachment":[{"href":"https:\/\/www.inprint.md\/rou\/wp-json\/wp\/v2\/media?parent=35855"}],"wp:term":[{"taxonomy":"product_brand","embeddable":true,"href":"https:\/\/www.inprint.md\/rou\/wp-json\/wp\/v2\/product_brand?post=35855"},{"taxonomy":"product_cat","embeddable":true,"href":"https:\/\/www.inprint.md\/rou\/wp-json\/wp\/v2\/product_cat?post=35855"},{"taxonomy":"product_tag","embeddable":true,"href":"https:\/\/www.inprint.md\/rou\/wp-json\/wp\/v2\/product_tag?post=35855"}],"curies":[{"name":"wp","href":"https:\/\/api.w.org\/{rel}","templated":true}]}}