{"id":35856,"date":"2025-10-06T11:12:50","date_gmt":"2025-10-06T08:12:50","guid":{"rendered":"https:\/\/www.inprint.md\/ru\/?post_type=product&#038;p=35856"},"modified":"2026-02-12T07:54:02","modified_gmt":"2026-02-12T05:54:02","slug":"cork-sheets-silhouette","status":"publish","type":"product","link":"https:\/\/www.inprint.md\/rou\/product\/cork-sheets-silhouette\/","title":{"rendered":"Foi de pluta Silhouette"},"content":{"rendered":"","protected":false},"excerpt":{"rendered":"<p><span style=\"font-weight: bold;\">Tip<\/span>: Foi de pluta Silhouette<br \/><span style=\"font-weight: bold;\">Model<\/span>: MEDIA-CORK<br \/><span style=\"font-weight: bold;\">Complectatia<\/span>: 8 foi<br \/><span style=\"font-weight: bold;\">Dimensiune<\/span>: 17,7 cm x 12,7 cm<br \/><span style=\"font-weight: bold;\">Utilizare<\/span>: Foile de plut\u0103 sunt suficient de sub\u021biri pentru a fi t\u0103iate f\u0103r\u0103 a-\u0219i pierde aspectul de plut\u0103. Materialul are un suport adeziv. Pur \u0219i simplu \u00eendep\u0103rta\u021bi imaginea decupat\u0103 de pe suport \u0219i plasa\u021bi-o direct pe proiectul dvs., ca un autocolant.<\/p>\n","protected":false},"featured_media":35861,"comment_status":"open","ping_status":"closed","template":"","meta":[],"product_brand":[],"product_cat":[1182],"product_tag":[],"class_list":{"0":"post-35856","1":"product","2":"type-product","3":"status-publish","4":"has-post-thumbnail","6":"product_cat-silh-media","8":"first","9":"outofstock","10":"shipping-taxable","11":"purchasable","12":"product-type-simple"},"_links":{"self":[{"href":"https:\/\/www.inprint.md\/rou\/wp-json\/wp\/v2\/product\/35856","targetHints":{"allow":["GET"]}}],"collection":[{"href":"https:\/\/www.inprint.md\/rou\/wp-json\/wp\/v2\/product"}],"about":[{"href":"https:\/\/www.inprint.md\/rou\/wp-json\/wp\/v2\/types\/product"}],"replies":[{"embeddable":true,"href":"https:\/\/www.inprint.md\/rou\/wp-json\/wp\/v2\/comments?post=35856"}],"wp:featuredmedia":[{"embeddable":true,"href":"https:\/\/www.inprint.md\/rou\/wp-json\/wp\/v2\/media\/35861"}],"wp:attachment":[{"href":"https:\/\/www.inprint.md\/rou\/wp-json\/wp\/v2\/media?parent=35856"}],"wp:term":[{"taxonomy":"product_brand","embeddable":true,"href":"https:\/\/www.inprint.md\/rou\/wp-json\/wp\/v2\/product_brand?post=35856"},{"taxonomy":"product_cat","embeddable":true,"href":"https:\/\/www.inprint.md\/rou\/wp-json\/wp\/v2\/product_cat?post=35856"},{"taxonomy":"product_tag","embeddable":true,"href":"https:\/\/www.inprint.md\/rou\/wp-json\/wp\/v2\/product_tag?post=35856"}],"curies":[{"name":"wp","href":"https:\/\/api.w.org\/{rel}","templated":true}]}}