{"id":35883,"date":"2025-10-06T14:30:17","date_gmt":"2025-10-06T11:30:17","guid":{"rendered":"https:\/\/www.inprint.md\/ru\/?post_type=product&#038;p=35883"},"modified":"2026-02-12T07:54:02","modified_gmt":"2026-02-12T05:54:02","slug":"shrink-plastic-silhouette","status":"publish","type":"product","link":"https:\/\/www.inprint.md\/rou\/product\/shrink-plastic-silhouette\/","title":{"rendered":"Foi de plastic transparente pentru imprimare si taiere Silhouette"},"content":{"rendered":"","protected":false},"excerpt":{"rendered":"<p><span style=\"font-weight: bold;\">Tip<\/span>: Foi de plastic transparente pentru imprimare si taiere Silhouette<br \/><span style=\"font-weight: bold;\">Model<\/span>: MEDIA-SHRINK-CLR<br \/><span style=\"font-weight: bold;\">Complectatia<\/span>: 6 coli<br \/><span style=\"font-weight: bold;\">Dimensiune<\/span>: 21,5 x 28 cm<br \/><span style=\"font-weight: bold;\">Instruc\u021biuni<\/span>: Acest material pentru crearea de bijuterii mici este un tip special de plastic care \u00ee\u0219i schimb\u0103 forma atunci c\u00e2nd este expus la temperaturi ridicate. Imprima\u021bi imaginea pe plastic sau imprima\u021bi conturul \u0219i colora\u021bi-l singur cu creioane colorate. Apoi, \u00eenc\u0103lzi\u021bi obiectele decupate \u00een cuptor, a\u0219ez\u00e2ndu-le mai \u00eent\u00e2i pe h\u00e2rtie de copt. Procesul de \u00eenc\u0103lzire va face ca materialul s\u0103 se mic\u0219oreze, iar vopseaua de pe acesta va deveni mai str\u0103lucitoare \u0219i mai saturat\u0103. Un usc\u0103tor de p\u0103r cu embosare sau un pistol de c\u0103ldur\u0103 puternic sunt, de asemenea, ideale pentru \u00eenc\u0103lzire. Plasticul are un fundal transparent, astfel \u00eenc\u00e2t produsul finit va avea un fundal de sticl\u0103 transparent\u0103. Imprimarea este posibil\u0103 cu o imprimant\u0103 cu jet de cerneal\u0103.<\/p>\n","protected":false},"featured_media":35910,"comment_status":"open","ping_status":"closed","template":"","meta":[],"product_brand":[],"product_cat":[1182],"product_tag":[],"class_list":{"0":"post-35883","1":"product","2":"type-product","3":"status-publish","4":"has-post-thumbnail","6":"product_cat-silh-media","8":"first","9":"instock","10":"shipping-taxable","11":"purchasable","12":"product-type-simple"},"_links":{"self":[{"href":"https:\/\/www.inprint.md\/rou\/wp-json\/wp\/v2\/product\/35883","targetHints":{"allow":["GET"]}}],"collection":[{"href":"https:\/\/www.inprint.md\/rou\/wp-json\/wp\/v2\/product"}],"about":[{"href":"https:\/\/www.inprint.md\/rou\/wp-json\/wp\/v2\/types\/product"}],"replies":[{"embeddable":true,"href":"https:\/\/www.inprint.md\/rou\/wp-json\/wp\/v2\/comments?post=35883"}],"wp:featuredmedia":[{"embeddable":true,"href":"https:\/\/www.inprint.md\/rou\/wp-json\/wp\/v2\/media\/35910"}],"wp:attachment":[{"href":"https:\/\/www.inprint.md\/rou\/wp-json\/wp\/v2\/media?parent=35883"}],"wp:term":[{"taxonomy":"product_brand","embeddable":true,"href":"https:\/\/www.inprint.md\/rou\/wp-json\/wp\/v2\/product_brand?post=35883"},{"taxonomy":"product_cat","embeddable":true,"href":"https:\/\/www.inprint.md\/rou\/wp-json\/wp\/v2\/product_cat?post=35883"},{"taxonomy":"product_tag","embeddable":true,"href":"https:\/\/www.inprint.md\/rou\/wp-json\/wp\/v2\/product_tag?post=35883"}],"curies":[{"name":"wp","href":"https:\/\/api.w.org\/{rel}","templated":true}]}}