{"id":35888,"date":"2025-10-06T14:40:35","date_gmt":"2025-10-06T11:40:35","guid":{"rendered":"https:\/\/www.inprint.md\/ru\/?post_type=product&#038;p=35888"},"modified":"2026-02-12T07:54:06","modified_gmt":"2026-02-12T05:54:06","slug":"foil-transfer-sheets-copper-silhouette","status":"publish","type":"product","link":"https:\/\/www.inprint.md\/rou\/product\/foil-transfer-sheets-copper-silhouette\/","title":{"rendered":"Folie pentru stantare la rege cupru Silhouette"},"content":{"rendered":"","protected":false},"excerpt":{"rendered":"<p><span style=\"font-weight: bold;\">Tip<\/span>: Pelicula de embosare aurie Silhouette<br \/><span style=\"font-weight: bold;\">Model<\/span>: MEDIA-TRFOIL-CPR<br \/><span style=\"font-weight: bold;\">Culoare<\/span>: Cupru metalic<br \/><span style=\"font-weight: bold;\">Include<\/span>: 6 foi<br \/><span style=\"font-weight: bold;\">Dimensiune<\/span>: 21,6 x 27,9 cm<br \/><span style=\"font-weight: bold;\">Compatibilitate<\/span>: Silhouette Curio<br \/><span style=\"font-weight: bold;\">Aplica\u021bie<\/span>: Potrivit pentru crearea de imagini \u0219i litere din folie. A\u0219eza\u021bi folia pe suprafa\u021ba aleas\u0103 \u0219i utiliza\u021bi un instrument de embosare pentru a o transfera. Folia are un suport adeziv \u0219i nu se mi\u0219c\u0103 \u00een timpul embos\u0103rii. Orice folie r\u0103mas\u0103 poate fi \u00eendep\u0103rtat\u0103 cu u\u0219urin\u021b\u0103 cu band\u0103 adeziv\u0103.<\/p>\n","protected":false},"featured_media":35899,"comment_status":"open","ping_status":"closed","template":"","meta":[],"product_brand":[],"product_cat":[1182],"product_tag":[],"class_list":{"0":"post-35888","1":"product","2":"type-product","3":"status-publish","4":"has-post-thumbnail","6":"product_cat-silh-media","8":"first","9":"instock","10":"shipping-taxable","11":"purchasable","12":"product-type-simple"},"_links":{"self":[{"href":"https:\/\/www.inprint.md\/rou\/wp-json\/wp\/v2\/product\/35888","targetHints":{"allow":["GET"]}}],"collection":[{"href":"https:\/\/www.inprint.md\/rou\/wp-json\/wp\/v2\/product"}],"about":[{"href":"https:\/\/www.inprint.md\/rou\/wp-json\/wp\/v2\/types\/product"}],"replies":[{"embeddable":true,"href":"https:\/\/www.inprint.md\/rou\/wp-json\/wp\/v2\/comments?post=35888"}],"wp:featuredmedia":[{"embeddable":true,"href":"https:\/\/www.inprint.md\/rou\/wp-json\/wp\/v2\/media\/35899"}],"wp:attachment":[{"href":"https:\/\/www.inprint.md\/rou\/wp-json\/wp\/v2\/media?parent=35888"}],"wp:term":[{"taxonomy":"product_brand","embeddable":true,"href":"https:\/\/www.inprint.md\/rou\/wp-json\/wp\/v2\/product_brand?post=35888"},{"taxonomy":"product_cat","embeddable":true,"href":"https:\/\/www.inprint.md\/rou\/wp-json\/wp\/v2\/product_cat?post=35888"},{"taxonomy":"product_tag","embeddable":true,"href":"https:\/\/www.inprint.md\/rou\/wp-json\/wp\/v2\/product_tag?post=35888"}],"curies":[{"name":"wp","href":"https:\/\/api.w.org\/{rel}","templated":true}]}}