{"id":35890,"date":"2025-10-06T14:42:04","date_gmt":"2025-10-06T11:42:04","guid":{"rendered":"https:\/\/www.inprint.md\/ru\/?post_type=product&#038;p=35890"},"modified":"2026-02-12T07:54:09","modified_gmt":"2026-02-12T05:54:09","slug":"sticker-paper-holographic-dots-silhouette","status":"publish","type":"product","link":"https:\/\/www.inprint.md\/rou\/product\/sticker-paper-holographic-dots-silhouette\/","title":{"rendered":"Folie autoadeziva pentru imprimarea si decuparea Holographic Dots Silhouette"},"content":{"rendered":"","protected":false},"excerpt":{"rendered":"<p><span style=\"font-weight: bold;\">Tip<\/span>: Folie autoadeziva pentru imprimarea si decuparea Holographic Dots Silhouette<br \/><span style=\"font-weight: bold;\">Model<\/span>: MEDIA-DOT-ADH<br \/><span style=\"font-weight: bold;\">Include<\/span>: 8 foi<br \/><span style=\"font-weight: bold;\">Dimensiune<\/span>: 21,6 x 28 cm<br \/><span style=\"font-weight: bold;\">Imprimare<\/span>: Jet de cerneal\u0103<br \/><span style=\"font-weight: bold;\">Compatibilitate<\/span>: Silhouette Portrait, Silhouette Cameo, Silhouette Curio (necesit\u0103 baz\u0103 mare)<br \/><span style=\"font-weight: bold;\">Aplica\u021bie<\/span>: Acest material este utilizat pentru a crea autocolante vibrante cu efect holografic. Acest material are o suprafa\u021b\u0103 de imprimare \u0219i un suport adeziv. Efectul punctelor holografice pe suprafa\u021ba autocolantului este dezv\u0103luit prin imaginile imprimate.Pur \u0219i simplu imprim\u0103 imaginea pe h\u00e2rtie autocolant\u0103, apoi decupeaz-o de-a lungul conturului folosind func\u021bia Print &#038; Cut de pe Silhouette.<\/p>\n","protected":false},"featured_media":35891,"comment_status":"open","ping_status":"closed","template":"","meta":[],"product_brand":[],"product_cat":[1182],"product_tag":[],"class_list":{"0":"post-35890","1":"product","2":"type-product","3":"status-publish","4":"has-post-thumbnail","6":"product_cat-silh-media","8":"first","9":"instock","10":"shipping-taxable","11":"purchasable","12":"product-type-simple"},"_links":{"self":[{"href":"https:\/\/www.inprint.md\/rou\/wp-json\/wp\/v2\/product\/35890","targetHints":{"allow":["GET"]}}],"collection":[{"href":"https:\/\/www.inprint.md\/rou\/wp-json\/wp\/v2\/product"}],"about":[{"href":"https:\/\/www.inprint.md\/rou\/wp-json\/wp\/v2\/types\/product"}],"replies":[{"embeddable":true,"href":"https:\/\/www.inprint.md\/rou\/wp-json\/wp\/v2\/comments?post=35890"}],"wp:featuredmedia":[{"embeddable":true,"href":"https:\/\/www.inprint.md\/rou\/wp-json\/wp\/v2\/media\/35891"}],"wp:attachment":[{"href":"https:\/\/www.inprint.md\/rou\/wp-json\/wp\/v2\/media?parent=35890"}],"wp:term":[{"taxonomy":"product_brand","embeddable":true,"href":"https:\/\/www.inprint.md\/rou\/wp-json\/wp\/v2\/product_brand?post=35890"},{"taxonomy":"product_cat","embeddable":true,"href":"https:\/\/www.inprint.md\/rou\/wp-json\/wp\/v2\/product_cat?post=35890"},{"taxonomy":"product_tag","embeddable":true,"href":"https:\/\/www.inprint.md\/rou\/wp-json\/wp\/v2\/product_tag?post=35890"}],"curies":[{"name":"wp","href":"https:\/\/api.w.org\/{rel}","templated":true}]}}