{"id":36877,"date":"2025-12-17T10:37:15","date_gmt":"2025-12-17T08:37:15","guid":{"rendered":"https:\/\/www.inprint.md\/ru\/?post_type=product&#038;p=36877"},"modified":"2026-03-26T16:38:14","modified_gmt":"2026-03-26T14:38:14","slug":"cameo5-electrostatic-protection-sheet-30cm","status":"publish","type":"product","link":"https:\/\/www.inprint.md\/rou\/product\/cameo5-electrostatic-protection-sheet-30cm\/","title":{"rendered":"Electrostatic Protection Sheet 30cm Cameo5"},"content":{"rendered":"","protected":false},"excerpt":{"rendered":"<p><span style=\"font-weight: bold;\">Tip<\/span>: Electrostatic Protection Sheet Cameo5<br \/><span style=\"font-weight: bold;\">Articol<\/span>: SILH-PROTECT-ES-12<br \/><span style=\"font-weight: bold;\">Material<\/span>: Pelicula transparent\u0103<br \/><span style=\"font-weight: bold;\">Dimensiune<\/span>: 30,5 cm x 30,5 cm<br \/><span style=\"font-weight: bold;\">Include<\/span>: 2 foi de pelicula de protec\u021bie<br \/><span style=\"font-weight: bold;\">Compatibilitate<\/span>: Cameo 5 + platform\u0103 electrostatic\u0103, Curio 2 + platform\u0103 electrostatic\u0103<br \/><span style=\"font-weight: bold;\">Utilizare<\/span>: Acest produs protejeaz\u0103 platforma electrostatic\u0103 de deteriorare. De asemenea, ajut\u0103 la crearea unui strat electrostatic care fixeaz\u0103 materialul la t\u0103ierea pe plottere de t\u0103iere.<\/p>\n","protected":false},"featured_media":36878,"comment_status":"open","ping_status":"closed","template":"","meta":[],"product_brand":[],"product_cat":[82],"product_tag":[],"class_list":{"0":"post-36877","1":"product","2":"type-product","3":"status-publish","4":"has-post-thumbnail","6":"product_cat-zip","8":"first","9":"instock","10":"shipping-taxable","11":"purchasable","12":"product-type-simple"},"_links":{"self":[{"href":"https:\/\/www.inprint.md\/rou\/wp-json\/wp\/v2\/product\/36877","targetHints":{"allow":["GET"]}}],"collection":[{"href":"https:\/\/www.inprint.md\/rou\/wp-json\/wp\/v2\/product"}],"about":[{"href":"https:\/\/www.inprint.md\/rou\/wp-json\/wp\/v2\/types\/product"}],"replies":[{"embeddable":true,"href":"https:\/\/www.inprint.md\/rou\/wp-json\/wp\/v2\/comments?post=36877"}],"wp:featuredmedia":[{"embeddable":true,"href":"https:\/\/www.inprint.md\/rou\/wp-json\/wp\/v2\/media\/36878"}],"wp:attachment":[{"href":"https:\/\/www.inprint.md\/rou\/wp-json\/wp\/v2\/media?parent=36877"}],"wp:term":[{"taxonomy":"product_brand","embeddable":true,"href":"https:\/\/www.inprint.md\/rou\/wp-json\/wp\/v2\/product_brand?post=36877"},{"taxonomy":"product_cat","embeddable":true,"href":"https:\/\/www.inprint.md\/rou\/wp-json\/wp\/v2\/product_cat?post=36877"},{"taxonomy":"product_tag","embeddable":true,"href":"https:\/\/www.inprint.md\/rou\/wp-json\/wp\/v2\/product_tag?post=36877"}],"curies":[{"name":"wp","href":"https:\/\/api.w.org\/{rel}","templated":true}]}}