{"id":36896,"date":"2025-12-17T14:47:38","date_gmt":"2025-12-17T12:47:38","guid":{"rendered":"https:\/\/www.inprint.md\/ru\/?post_type=product&#038;p=36896"},"modified":"2026-04-21T14:18:37","modified_gmt":"2026-04-21T11:18:37","slug":"cameo5-heat-pen-wide-tip","status":"publish","type":"product","link":"https:\/\/www.inprint.md\/rou\/product\/cameo5-heat-pen-wide-tip\/","title":{"rendered":"Stiloul termic Silhouette Heat Pen Wide tip"},"content":{"rendered":"","protected":false},"excerpt":{"rendered":"<p><span style=\"font-weight: bold;\">Tip<\/span>: Stiloul termic Silhouette Heat Pen Wide tip<br \/><span style=\"font-weight: bold;\">Model<\/span>: SILH-HEAT-PEN-W-E<br \/><span style=\"font-weight: bold;\">Include<\/span>: Stilou termic 2.5 mm<br \/><span style=\"font-weight: bold;\">Compatibilitate<\/span>: Silhouette Curio 2, Silhouette Cameo 5, Silhouette Portrait 4, Silhouette Cameo 5 Plus, Silhouette CAMEO PRO MK-II, Silhouette CAMEO5\u03b1<br \/><span style=\"font-weight: bold;\">Utilizare<\/span>: Acest instrument este ideal pentru materiale moi atunci c\u00e2nd ave\u021bi nevoie de linii expresive \u0219i este, de asemenea, excelent pentru umplerea modelelor datorit\u0103 v\u00e2rfului s\u0103u mai gros.Transfer\u0103 folia pe materiale precum carton \u0219i piele artificial\u0103 folosind c\u0103ldur\u0103 \u00een loc de presiune, pentru un finisaj mai curat, mai str\u0103lucitor \u0219i mai durabil.<\/p>\n","protected":false},"featured_media":36897,"comment_status":"open","ping_status":"closed","template":"","meta":[],"product_brand":[],"product_cat":[82],"product_tag":[],"class_list":{"0":"post-36896","1":"product","2":"type-product","3":"status-publish","4":"has-post-thumbnail","6":"product_cat-zip","8":"first","9":"outofstock","10":"shipping-taxable","11":"purchasable","12":"product-type-simple"},"_links":{"self":[{"href":"https:\/\/www.inprint.md\/rou\/wp-json\/wp\/v2\/product\/36896","targetHints":{"allow":["GET"]}}],"collection":[{"href":"https:\/\/www.inprint.md\/rou\/wp-json\/wp\/v2\/product"}],"about":[{"href":"https:\/\/www.inprint.md\/rou\/wp-json\/wp\/v2\/types\/product"}],"replies":[{"embeddable":true,"href":"https:\/\/www.inprint.md\/rou\/wp-json\/wp\/v2\/comments?post=36896"}],"wp:featuredmedia":[{"embeddable":true,"href":"https:\/\/www.inprint.md\/rou\/wp-json\/wp\/v2\/media\/36897"}],"wp:attachment":[{"href":"https:\/\/www.inprint.md\/rou\/wp-json\/wp\/v2\/media?parent=36896"}],"wp:term":[{"taxonomy":"product_brand","embeddable":true,"href":"https:\/\/www.inprint.md\/rou\/wp-json\/wp\/v2\/product_brand?post=36896"},{"taxonomy":"product_cat","embeddable":true,"href":"https:\/\/www.inprint.md\/rou\/wp-json\/wp\/v2\/product_cat?post=36896"},{"taxonomy":"product_tag","embeddable":true,"href":"https:\/\/www.inprint.md\/rou\/wp-json\/wp\/v2\/product_tag?post=36896"}],"curies":[{"name":"wp","href":"https:\/\/api.w.org\/{rel}","templated":true}]}}