{"id":37998,"date":"2026-03-12T11:37:23","date_gmt":"2026-03-12T09:37:23","guid":{"rendered":"https:\/\/www.inprint.md\/ru\/?post_type=product&#038;p=37998"},"modified":"2026-04-21T14:18:28","modified_gmt":"2026-04-21T11:18:28","slug":"silhouette-cameo-5a-matte-pink","status":"publish","type":"product","link":"https:\/\/www.inprint.md\/rou\/product\/silhouette-cameo-5a-matte-pink\/","title":{"rendered":"Plotter de taiere Silhouette Cameo 5a Matte Pink"},"content":{"rendered":"","protected":false},"excerpt":{"rendered":"<p><span style=\"font-weight: bold;\">Tip<\/span>: Plotter de taiere Silhouette Cameo 5a<br \/><span style=\"font-weight: bold;\">Cod<\/span><span style=\"font-weight: normal;\">: SILH-CAMEO-5A-PNK-5T<\/span><span style=\"font-weight: bold;\"><br \/>Culoare<\/span>: Roz mat<br \/><span style=\"font-weight: bold;\">Suprafa\u021ba de t\u0103iere<\/span>: 30,5 x 61 cm cu covora\u0219 de t\u0103iat, 29,5 x 487,7 cm cu material de suport (c\u00e2nd se folose\u0219te suportul pentru role)<br \/><span style=\"font-weight: bold;\">Viteza de taiere:<\/span> Pana la 300 mm\/s<br \/><span style=\"font-weight: bold;\">Vitez\u0103 maxim\u0103 de schi\u021bare<\/span>: 400 mm\/s<br \/><span style=\"font-weight: bold;\">Grosimea maxim\u0103 a materialului<\/span>: 3 mm<br \/><span style=\"font-weight: bold;\">Num\u0103r de pistonuri montabile<\/span>: 2<br \/><span style=\"font-weight: bold;\">For\u021ba maxim\u0103 de t\u0103iere<\/span>: 300 g (suport pentru scule 1) \/ 5000 g (suport pentru scule 2)<br \/><span style=\"font-weight: bold;\">Lungime material<\/span>: P\u00e2n\u0103 la 4,8 m (materiale rulouri cu baz\u0103)<br \/><span style=\"font-weight: bold;\">Nivel de zgomot<\/span>: De la 26,11 la 62,7 dB<br \/><span style=\"font-weight: bold;\">Interfa\u021b\u0103<\/span>: USB 2.0 (vitez\u0103 maxim\u0103) \/ Bluetooth 4.0<br \/><span style=\"font-weight: bold;\">Materiale de t\u0103iat<\/span>: H\u00e2rtie, carton, folie, \u021bes\u0103tur\u0103, transfer termic, p\u00e2sl\u0103 tare, foamiran, PET, folii pentru telefoane, piele, plut\u0103 \u0219i materiale spumante (cu cu\u021bite speciale), etc. Materialele mai sub\u021biri, cum ar fi h\u00e2rtia absorbant\u0103 \u0219i h\u00e2rtia decoupage, pot fi acum t\u0103iate mai u\u0219or \u0219i pute\u021bi imprima \u0219i t\u0103ia cu u\u0219urin\u021b\u0103 toate materialele, chiar \u0219i cele cu o suprafa\u021b\u0103 metalic\u0103 sau lucioas\u0103.<br \/><span style=\"font-weight: bold;\">Software<\/span>: Silhouette Studio 5.0.402 sau mai mare<br \/><span style=\"font-weight: bold;\">Cerin\u021be minime de sistem<\/span>: Windows 10 sau o versiune ulterioar\u0103, macOS X 11 sau o versiune ulterioar\u0103<br \/><span style=\"font-weight: bold;\">Dimensiuni<\/span>: 56,6 x 17,6 x 12,4 cm<br \/><span style=\"font-weight: bold;\">Complectatia<\/span>: SILHOUETTE CAMEO 5\u03b1 Roz mat, Covora\u0219 de t\u0103iere 30,5 cm (12 inch) &#8211; Standard Tack, AutoBlade (Tip B), Adaptor pentru pixuri Skech, Instrument de reglare a lamei, Fi\u0219\u0103 de securitate, Software-ul Silhouette Studio\u00ae (desc\u0103rcare), Manual de utilizare (desc\u0103rcare), 100 de modele exclusive (disponibile cu \u00eenregistrare), Abonament de 1 lun\u0103 la Silhouette Design Store (disponibil cu \u00eenregistrare)<br \/><span style=\"font-weight: bold;\">Caracteristicile ma\u0219inii<\/span><span style=\"font-weight: normal;\">: Capacit\u0103\u021bi de t\u0103iere f\u0103r\u0103 suport. Capacitatea sculelor electrice. Detectarea automat\u0103 a sculelor. Role de presare u\u0219or de reglat pentru o ajustare mai lin\u0103 \u0219i o vizibilitate \u00eembun\u0103t\u0103\u021bit\u0103 pentru o configurare precis\u0103. T\u0103iere transversal\u0103 automat\u0103 cu AutoBlade (tip B). Func\u021bionare mai silen\u021bioas\u0103. Arhitectur\u0103 cu capac cu deschidere lin\u0103. Covora\u0219 electrostatic (accesoriu op\u021bional). Nou accesoriu ranforsat pentru alimentatorul cu role (accesoriu op\u021bional suplimentar). Ata\u0219ament rol\u0103 de sus\u021binere (accesoriu op\u021bional suplimentar). T\u0103iere wireless cu conectivitate Bluetooth\u00ae. Sistem cu patru marcaje de \u00eenregistrare pentru o precizie sporit\u0103 la Print &#038; Cut. Compatibil cu PixScan\u2122. Cu ajutorul Silhouette Studio\u00ae, v\u0103 pute\u021bi bucura de op\u021biuni de design nelimitate pentru a v\u0103 personaliza proiectele.<\/span><\/p>\n","protected":false},"featured_media":38023,"comment_status":"open","ping_status":"closed","template":"","meta":[],"product_brand":[],"product_cat":[81],"product_tag":[],"class_list":{"0":"post-37998","1":"product","2":"type-product","3":"status-publish","4":"has-post-thumbnail","6":"product_cat-cutting-plotters","8":"first","9":"instock","10":"shipping-taxable","11":"purchasable","12":"product-type-simple"},"_links":{"self":[{"href":"https:\/\/www.inprint.md\/rou\/wp-json\/wp\/v2\/product\/37998","targetHints":{"allow":["GET"]}}],"collection":[{"href":"https:\/\/www.inprint.md\/rou\/wp-json\/wp\/v2\/product"}],"about":[{"href":"https:\/\/www.inprint.md\/rou\/wp-json\/wp\/v2\/types\/product"}],"replies":[{"embeddable":true,"href":"https:\/\/www.inprint.md\/rou\/wp-json\/wp\/v2\/comments?post=37998"}],"wp:featuredmedia":[{"embeddable":true,"href":"https:\/\/www.inprint.md\/rou\/wp-json\/wp\/v2\/media\/38023"}],"wp:attachment":[{"href":"https:\/\/www.inprint.md\/rou\/wp-json\/wp\/v2\/media?parent=37998"}],"wp:term":[{"taxonomy":"product_brand","embeddable":true,"href":"https:\/\/www.inprint.md\/rou\/wp-json\/wp\/v2\/product_brand?post=37998"},{"taxonomy":"product_cat","embeddable":true,"href":"https:\/\/www.inprint.md\/rou\/wp-json\/wp\/v2\/product_cat?post=37998"},{"taxonomy":"product_tag","embeddable":true,"href":"https:\/\/www.inprint.md\/rou\/wp-json\/wp\/v2\/product_tag?post=37998"}],"curies":[{"name":"wp","href":"https:\/\/api.w.org\/{rel}","templated":true}]}}