{"id":38001,"date":"2026-03-12T11:58:16","date_gmt":"2026-03-12T09:58:16","guid":{"rendered":"https:\/\/www.inprint.md\/ru\/?post_type=product&#038;p=38001"},"modified":"2026-04-21T14:18:37","modified_gmt":"2026-04-21T11:18:37","slug":"cameo5-support-rollers-set-black-spt-roller-set-blk","status":"publish","type":"product","link":"https:\/\/www.inprint.md\/rou\/product\/cameo5-support-rollers-set-black-spt-roller-set-blk\/","title":{"rendered":"Set role de sustinere Silhouette Cameo 5"},"content":{"rendered":"","protected":false},"excerpt":{"rendered":"<p><span style=\"font-weight: bold;\">Tip<\/span><span>: Set role de sustinere Silhouette Cameo 5<br \/><\/span><span style=\"font-weight: bold;\">Model<\/span><span>: SPT-ROLLER-SET-BLK<br \/><\/span><span style=\"font-weight: bold;\">Compatibilitatea<\/span><span>: Silhouette CAMEO 5a, Silhouette CAMEO 5, Silhouette CAMEO 5a PLUS, Silhouette CAMEO 5 PLUS, Silhouette CAMEO PRO MK-II.<br \/>\u00cembun\u0103t\u0103\u021bi\u021bi-v\u0103 experien\u021ba de t\u0103iere cu rolele de sus\u021binere op\u021bionale, compatibile cu CAMEO5, CAMEO5 \u03b1, CAMEO5 PLUS, CAMEO5 \u03b1 PLUS \u0219i CAMEO PRO MK-II. Ad\u0103ugate al\u0103turi de cele dou\u0103 role standard, acestea ofer\u0103 stabilitate suplimentar\u0103 prin prevenirea ridic\u0103rii materialului \u00een timpul aliment\u0103rii, oferind rezultate de t\u0103iere mai fine \u0219i mai fiabile, \u00een special \u00een cazul materialelor mai lungi sau delicate.<\/span><\/p>\n","protected":false},"featured_media":38004,"comment_status":"open","ping_status":"closed","template":"","meta":[],"product_brand":[],"product_cat":[82],"product_tag":[],"class_list":{"0":"post-38001","1":"product","2":"type-product","3":"status-publish","4":"has-post-thumbnail","6":"product_cat-zip","8":"first","9":"instock","10":"shipping-taxable","11":"purchasable","12":"product-type-simple"},"_links":{"self":[{"href":"https:\/\/www.inprint.md\/rou\/wp-json\/wp\/v2\/product\/38001","targetHints":{"allow":["GET"]}}],"collection":[{"href":"https:\/\/www.inprint.md\/rou\/wp-json\/wp\/v2\/product"}],"about":[{"href":"https:\/\/www.inprint.md\/rou\/wp-json\/wp\/v2\/types\/product"}],"replies":[{"embeddable":true,"href":"https:\/\/www.inprint.md\/rou\/wp-json\/wp\/v2\/comments?post=38001"}],"wp:featuredmedia":[{"embeddable":true,"href":"https:\/\/www.inprint.md\/rou\/wp-json\/wp\/v2\/media\/38004"}],"wp:attachment":[{"href":"https:\/\/www.inprint.md\/rou\/wp-json\/wp\/v2\/media?parent=38001"}],"wp:term":[{"taxonomy":"product_brand","embeddable":true,"href":"https:\/\/www.inprint.md\/rou\/wp-json\/wp\/v2\/product_brand?post=38001"},{"taxonomy":"product_cat","embeddable":true,"href":"https:\/\/www.inprint.md\/rou\/wp-json\/wp\/v2\/product_cat?post=38001"},{"taxonomy":"product_tag","embeddable":true,"href":"https:\/\/www.inprint.md\/rou\/wp-json\/wp\/v2\/product_tag?post=38001"}],"curies":[{"name":"wp","href":"https:\/\/api.w.org\/{rel}","templated":true}]}}