{"id":38002,"date":"2026-03-12T11:58:54","date_gmt":"2026-03-12T09:58:54","guid":{"rendered":"https:\/\/www.inprint.md\/ru\/?post_type=product&#038;p=38002"},"modified":"2026-04-21T14:18:37","modified_gmt":"2026-04-21T11:18:37","slug":"curio2-leather-carving-knife-curio-tool-lck","status":"publish","type":"product","link":"https:\/\/www.inprint.md\/rou\/product\/curio2-leather-carving-knife-curio-tool-lck\/","title":{"rendered":"Cutit de sculptat pe piele pentru Silhouette CURIO 2"},"content":{"rendered":"","protected":false},"excerpt":{"rendered":"<p><span style=\"font-weight: bold;\">Tip<\/span><span>: Cutit de sculptat pe piele pentru Silhouette CURIO 2<br \/><\/span><span style=\"font-weight: bold;\">Model<\/span><span>: CURIO-TOOL-LCK<br \/><\/span><span style=\"font-weight: bold;\">Compatibilitate<\/span><span>: Silhouette CURIO 2<br \/>Cu\u021bitul de sculptat \u00een piele pentru Silhouette CURIO 2 v\u0103 permite s\u0103 crea\u021bi modele tridimensionale detaliate pe piele natural\u0103.<\/span><\/p>\n<p>C\u00e2nd folosi\u021bi cu\u021bitul de sculptat din piele, asigura\u021bi-v\u0103 c\u0103 comuta\u021bi de la patul electrostatic la tava pentru resturi .<\/p>\n<p>Pentru cele mai bune rezultate, utiliza\u021bi foi adezive fa\u021b\u0103-verso (MEDIA-ADHESIVE-3T) pentru a fixa pielea \u00een siguran\u021b\u0103 \u00een timpul sculpt\u0103rii.<\/p>\n","protected":false},"featured_media":38003,"comment_status":"open","ping_status":"closed","template":"","meta":[],"product_brand":[],"product_cat":[82],"product_tag":[],"class_list":{"0":"post-38002","1":"product","2":"type-product","3":"status-publish","4":"has-post-thumbnail","6":"product_cat-zip","8":"first","9":"instock","10":"shipping-taxable","11":"purchasable","12":"product-type-simple"},"_links":{"self":[{"href":"https:\/\/www.inprint.md\/rou\/wp-json\/wp\/v2\/product\/38002","targetHints":{"allow":["GET"]}}],"collection":[{"href":"https:\/\/www.inprint.md\/rou\/wp-json\/wp\/v2\/product"}],"about":[{"href":"https:\/\/www.inprint.md\/rou\/wp-json\/wp\/v2\/types\/product"}],"replies":[{"embeddable":true,"href":"https:\/\/www.inprint.md\/rou\/wp-json\/wp\/v2\/comments?post=38002"}],"wp:featuredmedia":[{"embeddable":true,"href":"https:\/\/www.inprint.md\/rou\/wp-json\/wp\/v2\/media\/38003"}],"wp:attachment":[{"href":"https:\/\/www.inprint.md\/rou\/wp-json\/wp\/v2\/media?parent=38002"}],"wp:term":[{"taxonomy":"product_brand","embeddable":true,"href":"https:\/\/www.inprint.md\/rou\/wp-json\/wp\/v2\/product_brand?post=38002"},{"taxonomy":"product_cat","embeddable":true,"href":"https:\/\/www.inprint.md\/rou\/wp-json\/wp\/v2\/product_cat?post=38002"},{"taxonomy":"product_tag","embeddable":true,"href":"https:\/\/www.inprint.md\/rou\/wp-json\/wp\/v2\/product_tag?post=38002"}],"curies":[{"name":"wp","href":"https:\/\/api.w.org\/{rel}","templated":true}]}}