{"id":38262,"date":"2026-03-30T15:37:01","date_gmt":"2026-03-30T12:37:01","guid":{"rendered":"https:\/\/www.inprint.md\/ru\/?post_type=product&#038;p=38262"},"modified":"2026-04-03T09:49:59","modified_gmt":"2026-04-03T06:49:59","slug":"charger-140w-black-toocki","status":"publish","type":"product","link":"https:\/\/www.inprint.md\/rou\/product\/charger-140w-black-toocki\/","title":{"rendered":"Incarcator TOOCKI 140 W"},"content":{"rendered":"","protected":false},"excerpt":{"rendered":"<p><span style=\"font-weight: bold;\">Tip<\/span>: Incarcator TOOCKI 140 W<br \/><span style=\"font-weight: bold;\">Putere maxim\u0103 de ie\u0219ire<\/span>: 140 W<br \/><span style=\"font-weight: bold;\">Interfa\u021b\u0103 de ie\u0219ire<\/span>: 1xUSB-A, 3xUSB-C<br \/><span style=\"font-weight: bold;\">Culoare<\/span>: Negru<br \/><span style=\"font-weight: bold;\">Complectatia<\/span><span>: USB calu C-C 2m<\/span><br \/><span style=\"font-weight: bold;\">\u00cenc\u0103rcare inteligent\u0103<\/span>: Da<br \/><span style=\"font-weight: bold;\">GaN<\/span>: Da<\/p>\n","protected":false},"featured_media":38276,"comment_status":"open","ping_status":"closed","template":"","meta":[],"product_brand":[],"product_cat":[1176],"product_tag":[],"class_list":{"0":"post-38262","1":"product","2":"type-product","3":"status-publish","4":"has-post-thumbnail","6":"product_cat-chargers","8":"first","9":"instock","10":"shipping-taxable","11":"purchasable","12":"product-type-simple"},"_links":{"self":[{"href":"https:\/\/www.inprint.md\/rou\/wp-json\/wp\/v2\/product\/38262","targetHints":{"allow":["GET"]}}],"collection":[{"href":"https:\/\/www.inprint.md\/rou\/wp-json\/wp\/v2\/product"}],"about":[{"href":"https:\/\/www.inprint.md\/rou\/wp-json\/wp\/v2\/types\/product"}],"replies":[{"embeddable":true,"href":"https:\/\/www.inprint.md\/rou\/wp-json\/wp\/v2\/comments?post=38262"}],"wp:featuredmedia":[{"embeddable":true,"href":"https:\/\/www.inprint.md\/rou\/wp-json\/wp\/v2\/media\/38276"}],"wp:attachment":[{"href":"https:\/\/www.inprint.md\/rou\/wp-json\/wp\/v2\/media?parent=38262"}],"wp:term":[{"taxonomy":"product_brand","embeddable":true,"href":"https:\/\/www.inprint.md\/rou\/wp-json\/wp\/v2\/product_brand?post=38262"},{"taxonomy":"product_cat","embeddable":true,"href":"https:\/\/www.inprint.md\/rou\/wp-json\/wp\/v2\/product_cat?post=38262"},{"taxonomy":"product_tag","embeddable":true,"href":"https:\/\/www.inprint.md\/rou\/wp-json\/wp\/v2\/product_tag?post=38262"}],"curies":[{"name":"wp","href":"https:\/\/api.w.org\/{rel}","templated":true}]}}