{"id":38745,"date":"2026-05-06T14:11:30","date_gmt":"2026-05-06T11:11:30","guid":{"rendered":"https:\/\/www.inprint.md\/ru\/?post_type=product&#038;p=38745"},"modified":"2026-05-06T17:02:04","modified_gmt":"2026-05-06T14:02:04","slug":"roly-chow","status":"publish","type":"product","link":"https:\/\/www.inprint.md\/rou\/product\/roly-chow\/","title":{"rendered":"Roly Chow"},"content":{"rendered":"<table border=\"1\" cellspacing=\"1\" cellpadding=\"4\" align=\"center\">\n<caption>Informatii tehnice suplimentare asupra produsului Roly Chow<\/caption>\n<tbody>\n<tr>\n<td style=\"text-align: center;\">Marimi<\/td>\n<td style=\"text-align: center;\">Masuri<br \/>\n(Latime\/Lungime)<\/td>\n<td style=\"text-align: center;\">Bucati<br \/>\npachet<\/td>\n<td style=\"text-align: center;\">Bucati<br \/>\ncutie<\/td>\n<\/tr>\n<tr>\n<td style=\"text-align: center;\"><strong>XS<\/strong><\/td>\n<td style=\"text-align: center;\"><strong>[51cm\/72cm]<\/strong><\/td>\n<td style=\"text-align: center;\">1<\/td>\n<td style=\"text-align: center;\">50<\/td>\n<\/tr>\n<tr>\n<td style=\"text-align: center;\"><strong>S<\/strong><\/td>\n<td style=\"text-align: center;\"><strong>[54cm\/74cm]<\/strong><\/td>\n<td style=\"text-align: center;\">1<\/td>\n<td style=\"text-align: center;\">50<\/td>\n<\/tr>\n<tr>\n<td style=\"text-align: center;\"><strong>M<\/strong><\/td>\n<td style=\"text-align: center;\"><strong>[57cm\/76cm]<\/strong><\/td>\n<td style=\"text-align: center;\">1<\/td>\n<td style=\"text-align: center;\">50<\/td>\n<\/tr>\n<tr>\n<td style=\"text-align: center;\"><strong>L<\/strong><\/td>\n<td style=\"text-align: center;\"><strong>[60cm\/78cm]<\/strong><\/td>\n<td style=\"text-align: center;\">1<\/td>\n<td style=\"text-align: center;\">50<\/td>\n<\/tr>\n<tr>\n<td style=\"text-align: center;\"><strong>XL<\/strong><\/td>\n<td style=\"text-align: center;\"><strong>[63cm\/80cm]<\/strong><\/td>\n<td style=\"text-align: center;\">1<\/td>\n<td style=\"text-align: center;\">50<\/td>\n<\/tr>\n<tr>\n<td style=\"text-align: center;\"><strong>XXL<\/strong><\/td>\n<td style=\"text-align: center;\"><strong>[66cm\/82cm]<\/strong><\/td>\n<td style=\"text-align: center;\">1<\/td>\n<td style=\"text-align: center;\">50<\/td>\n<\/tr>\n<\/tbody>\n<\/table>\n","protected":false},"excerpt":{"rendered":"<p>Tricou oversize gros cu m\u00e2nec\u0103 scurt\u0103. Guler rotund cu nervuri late 2&#215;1. Cu band\u0103 asortat\u0103 \u00eent\u0103rit\u0103 pentru acoperirea cus\u0103turii la guler. Cus\u0103turi duble late pe tiv \u0219i m\u00e2neci.<\/p>\n<p><strong>Compozi\u021bie<\/strong><br \/>\n100% bumbac, 270 g\/m\u00b2.<\/p>\n<p><strong>Ambalare<\/strong><br \/>\nPachet 1 unit\u0103\u021bi , Cutie 50 unit\u0103\u021bi<\/p>\n<p><strong>M\u0103rimi<\/strong><br \/>\nAdul\u021bi XS, S, M, L, XL, XXL<\/p>\n","protected":false},"featured_media":38758,"comment_status":"open","ping_status":"closed","template":"","meta":[],"product_brand":[],"product_cat":[348,18],"product_tag":[],"class_list":{"0":"post-38745","1":"product","2":"type-product","3":"status-publish","4":"has-post-thumbnail","6":"product_cat-textile","7":"product_cat-t-shirts","9":"first","10":"instock","11":"shipping-taxable","12":"purchasable","13":"product-type-variable"},"_links":{"self":[{"href":"https:\/\/www.inprint.md\/rou\/wp-json\/wp\/v2\/product\/38745","targetHints":{"allow":["GET"]}}],"collection":[{"href":"https:\/\/www.inprint.md\/rou\/wp-json\/wp\/v2\/product"}],"about":[{"href":"https:\/\/www.inprint.md\/rou\/wp-json\/wp\/v2\/types\/product"}],"replies":[{"embeddable":true,"href":"https:\/\/www.inprint.md\/rou\/wp-json\/wp\/v2\/comments?post=38745"}],"wp:featuredmedia":[{"embeddable":true,"href":"https:\/\/www.inprint.md\/rou\/wp-json\/wp\/v2\/media\/38758"}],"wp:attachment":[{"href":"https:\/\/www.inprint.md\/rou\/wp-json\/wp\/v2\/media?parent=38745"}],"wp:term":[{"taxonomy":"product_brand","embeddable":true,"href":"https:\/\/www.inprint.md\/rou\/wp-json\/wp\/v2\/product_brand?post=38745"},{"taxonomy":"product_cat","embeddable":true,"href":"https:\/\/www.inprint.md\/rou\/wp-json\/wp\/v2\/product_cat?post=38745"},{"taxonomy":"product_tag","embeddable":true,"href":"https:\/\/www.inprint.md\/rou\/wp-json\/wp\/v2\/product_tag?post=38745"}],"curies":[{"name":"wp","href":"https:\/\/api.w.org\/{rel}","templated":true}]}}