{"id":9762,"date":"2021-03-24T21:21:40","date_gmt":"2021-03-24T19:21:40","guid":{"rendered":"https:\/\/www.inprint.md\/?post_type=product&#038;p=9762"},"modified":"2026-03-26T16:38:12","modified_gmt":"2026-03-26T14:38:12","slug":"cameo-carrier-cut-mat-24x24","status":"publish","type":"product","link":"https:\/\/www.inprint.md\/rou\/product\/cameo-carrier-cut-mat-24x24\/","title":{"rendered":"Carrier pentru plotter Cameo 60.9cmx60.9cm"},"content":{"rendered":"<p><b>\u041a\u0435\u0440\u0440\u0438\u0435\u0440 \u0434\u043b\u044f \u043f\u043b\u043e\u0442\u0442\u0435\u0440\u0430 Cameo 4 PRO \u0444\u043e\u0440\u043c\u0430\u0442\u0430 60 x 60 \u0441\u043c CUT-MAT-24X24<\/b><br \/>\n\u041a\u0435\u0440\u0440\u0438\u0435\u0440\u00a0(\u043b\u0438\u043f\u043a\u0438\u0439 \u043a\u043e\u0432\u0440\u0438\u043a) \u043f\u0440\u0435\u0434\u043d\u0430\u0437\u043d\u0430\u0447\u0435\u043d \u0434\u043b\u044f \u043f\u0440\u043e\u0440\u0435\u0437\u0430\u043d\u0438\u044f \u043c\u0430\u0442\u0435\u0440\u0438\u0430\u043b\u043e\u0432 \u043d\u0430\u0441\u043a\u0432\u043e\u0437\u044c \u043d\u0430 \u0440\u0435\u0436\u0443\u0449\u0438\u0445 \u043f\u043b\u043e\u0442\u0442\u0435\u0440\u0430\u0445 Silhouette. \u041a\u043e\u0432\u0440\u0438\u043a \u0441 \u0440\u0430\u0437\u043c\u0435\u0442\u043a\u043e\u0439 \u0438 \u043b\u0438\u043f\u043a\u043e\u0439 \u0440\u0430\u0431\u043e\u0447\u0435\u0439 \u043f\u043e\u0432\u0435\u0440\u0445\u043d\u043e\u0441\u0442\u044c\u044e.\u00a0\u0424\u0438\u043a\u0441\u0438\u0440\u0443\u0435\u0442 \u043c\u0430\u0442\u0435\u0440\u0438\u0430\u043b \u0432 \u043f\u0440\u043e\u0446\u0435\u0441\u0441\u0435 \u0440\u0435\u0437\u043a\u0438, \u043f\u0440\u0435\u0434\u043d\u0430\u0437\u043d\u0430\u0447\u0435\u043d \u0434\u043b\u044f \u043c\u043d\u043e\u0433\u043e\u043a\u0440\u0430\u0442\u043d\u043e\u0433\u043e \u0438\u0441\u043f\u043e\u043b\u044c\u0437\u043e\u0432\u0430\u043d\u0438\u044f.<\/p>\n","protected":false},"excerpt":{"rendered":"<p><span style=\"font-weight: bold;\">Cod furnizor<\/span>: CUT-MAT-24X24<br \/><span style=\"font-weight: bold;\">Dimensiunea c\u00e2mpului de t\u0103iere<\/span>: 60 cm x 60 cm<br \/><span style=\"font-weight: bold;\">Fixare cu lipici<\/span>: medie<br \/><span style=\"font-weight: bold;\">Materiale de t\u0103iat<\/span>: carton, PAL, \u021bes\u0103tur\u0103, h\u00e2rtie magnetic\u0103, foamiran etc.<br \/><span style=\"font-weight: bold;\">Compatibilitate<\/span>: <span style=\"background-color: #ffffff;color: #333333;font-family: Aptos Narrow;font-size: 12pt;font-style: normal;font-weight: normal;line-height: 1.15;text-align: left;\">Silhouette Cameo Pro\/ Cameo Pro MK-ll<\/span><\/p>\n","protected":false},"featured_media":9764,"comment_status":"open","ping_status":"closed","template":"","meta":[],"product_brand":[],"product_cat":[82],"product_tag":[893],"class_list":{"0":"post-9762","1":"product","2":"type-product","3":"status-publish","4":"has-post-thumbnail","6":"product_cat-zip","7":"product_tag-cameo-4","9":"first","10":"instock","11":"shipping-taxable","12":"purchasable","13":"product-type-simple"},"_links":{"self":[{"href":"https:\/\/www.inprint.md\/rou\/wp-json\/wp\/v2\/product\/9762","targetHints":{"allow":["GET"]}}],"collection":[{"href":"https:\/\/www.inprint.md\/rou\/wp-json\/wp\/v2\/product"}],"about":[{"href":"https:\/\/www.inprint.md\/rou\/wp-json\/wp\/v2\/types\/product"}],"replies":[{"embeddable":true,"href":"https:\/\/www.inprint.md\/rou\/wp-json\/wp\/v2\/comments?post=9762"}],"wp:featuredmedia":[{"embeddable":true,"href":"https:\/\/www.inprint.md\/rou\/wp-json\/wp\/v2\/media\/9764"}],"wp:attachment":[{"href":"https:\/\/www.inprint.md\/rou\/wp-json\/wp\/v2\/media?parent=9762"}],"wp:term":[{"taxonomy":"product_brand","embeddable":true,"href":"https:\/\/www.inprint.md\/rou\/wp-json\/wp\/v2\/product_brand?post=9762"},{"taxonomy":"product_cat","embeddable":true,"href":"https:\/\/www.inprint.md\/rou\/wp-json\/wp\/v2\/product_cat?post=9762"},{"taxonomy":"product_tag","embeddable":true,"href":"https:\/\/www.inprint.md\/rou\/wp-json\/wp\/v2\/product_tag?post=9762"}],"curies":[{"name":"wp","href":"https:\/\/api.w.org\/{rel}","templated":true}]}}