{"id":9777,"date":"2021-03-24T21:40:40","date_gmt":"2021-03-24T19:40:40","guid":{"rendered":"https:\/\/www.inprint.md\/?post_type=product&#038;p=9777"},"modified":"2026-05-08T16:21:25","modified_gmt":"2026-05-08T13:21:25","slug":"silhouette-cameo-4-white","status":"publish","type":"product","link":"https:\/\/www.inprint.md\/rou\/product\/silhouette-cameo-4-white\/","title":{"rendered":"Plotter de taiere Silhouette Cameo 4 White"},"content":{"rendered":"<p><iframe title=\"Features of the Silhouette Cameo\u00ae 4\" width=\"500\" height=\"281\" src=\"https:\/\/www.youtube.com\/embed\/Td_6Kt-tzcM?feature=oembed\" frameborder=\"0\" allow=\"accelerometer; autoplay; clipboard-write; encrypted-media; gyroscope; picture-in-picture; web-share\" referrerpolicy=\"strict-origin-when-cross-origin\" allowfullscreen><\/iframe><\/p>\n<p>\u041a\u041e\u041c\u041f\u041b\u0415\u041a\u0422:<\/p>\n<ul>\n<li>\u0420\u0435\u0436\u0443\u0449\u0438\u0439 \u043f\u043b\u043e\u0442\u0442\u0435\u0440 Silhouette CAMEO\u00ae 4<\/li>\n<li>\u041a\u0430\u0431\u0435\u043b\u044c \u043f\u0438\u0442\u0430\u043d\u0438\u044f, \u043a\u0430\u0431\u0435\u043b\u044c USB (2.0)<\/li>\n<li>\u041a\u0435\u0440\u0440\u0438\u0435\u0440 30\u044530 \u0441\u043c (\u043b\u0438\u043f\u043a\u0438\u0439 \u043a\u043e\u0432\u0440\u0438\u043a)<\/li>\n<li>\u0427\u0438\u043f \u0410\u0432\u0442\u043e\u041d\u043e\u0436<\/li>\n<li>\u0427\u0438\u043f\u0438\u0440\u043e\u0432\u0430\u043d\u043d\u044b\u0435 \u043f\u0435\u0440\u0435\u0445\u043e\u0434\u043d\u0438\u043a\u0438 \u0434\u043b\u044f \u043d\u043e\u0436\u0435\u0439<\/li>\n<li>\u0412\u0441\u0442\u0440\u043e\u0435\u043d\u043d\u044b\u0439 \u0432 \u043f\u043b\u043e\u0442\u0442\u0435\u0440 Bluetooth \u0430\u0434\u0430\u043f\u0442\u0435\u0440<\/li>\n<li>\u041f\u0440\u043e\u0433\u0440\u0430\u043c\u043c\u0430 Silhouette Studio\u00ae \u043d\u0430 \u0440\u0443\u0441\u0441\u043a\u043e\u043c \u044f\u0437\u044b\u043a\u0435 (\u0441\u043a\u0430\u0447\u0438\u0432\u0430\u0435\u0442\u0441\u044f \u0441 \u0441\u0430\u0439\u0442\u0430 \u043f\u0440\u043e\u0438\u0437\u0432\u043e\u0434\u0438\u0442\u0435\u043b\u044f)<\/li>\n<li>100 \u044d\u043a\u0441\u043a\u043b\u044e\u0437\u0438\u0432\u043d\u044b\u0445 \u043c\u0430\u043a\u0435\u0442\u043e\u0432 (\u0441\u043a\u0430\u0447\u0438\u0432\u0430\u044e\u0442\u0441\u044f \u0441 \u0441\u0430\u0439\u0442\u0430 \u043f\u0440\u043e\u0438\u0437\u0432\u043e\u0434\u0438\u0442\u0435\u043b\u044f)<\/li>\n<li>\u0411\u0435\u0441\u043f\u043b\u0430\u0442\u043d\u0430\u044f \u043f\u043e\u0434\u043f\u0438\u0441\u043a\u0430 \u043d\u0430 \u043d\u043e\u0432\u043e\u0441\u0442\u0438 Silhouette Design Store (\u0434\u043e\u0441\u0442\u0443\u043f\u043d\u0430 \u043f\u0440\u0438 \u0440\u0435\u0433\u0438\u0441\u0442\u0440\u0430\u0446\u0438\u0438 \u043d\u0430 \u0441\u0430\u0439\u0442\u0435 \u043f\u0440\u043e\u0438\u0437\u0432\u043e\u0434\u0438\u0442\u0435\u043b\u044f)<\/li>\n<\/ul>\n","protected":false},"excerpt":{"rendered":"<p><span style=\"font-weight: bold;\">Tip: <\/span><span style=\"font-weight: normal;\">Plotter de taiere Silhouette Cameo 4<\/span><span style=\"font-weight: bold;\"><br \/>Motor<\/span>: Microstepping<br \/><span style=\"font-weight: bold;\">Latime material<\/span>: 30,5 cm<br \/><span style=\"font-weight: bold;\">L\u0103\u021bimea de t\u0103iere de lucru<\/span>: 29,7 cm<br \/><span style=\"font-weight: bold;\">Lungime material<\/span>: 18 m<br \/><span style=\"font-weight: bold;\">Grosimea maxim\u0103 a materialului<\/span>: 3mm<br \/><span style=\"font-weight: bold;\">Presiune maxim\u0103 la cu\u021bit<\/span>: 500 gr<br \/><span style=\"font-weight: bold;\">Materiale suportate pentru t\u0103iere<\/span>: H\u00e2rtie, carton, folie, \u021bes\u0103tur\u0103, transfer termic, p\u00e2sl\u0103 tare, foamiran, PET, folii pentru telefon, piele, plut\u0103 \u0219i materiale spumante (cu cu\u021bite speciale), etc.<br \/><span style=\"font-weight: bold;\">Interfa\u021b\u0103<\/span>: USB 2.0, Bluetooth 4.0<br \/><span style=\"font-weight: bold;\">Software<\/span>: Silhouette Studio versiunea 4.3.341 sau mai recent\u0103<br \/><span style=\"font-weight: bold;\">Cerin\u021be minime pentru sistem operational<\/span>: Windows 8.1 sau o versiune ulterioar\u0103, Mac OS X 10.10 sau o versiune ulterioar\u0103, procesor de 2 GHz, 4 GB RAM, 2 GB spa\u021biu liber pe disc<br \/><span style=\"font-weight: bold;\">Dimensiuni<\/span>: 570x170x195 mm<br \/><span style=\"font-weight: bold;\">Greutate<\/span>: 4,7 kg<\/p>\n","protected":false},"featured_media":9778,"comment_status":"open","ping_status":"closed","template":"","meta":[],"product_brand":[],"product_cat":[81],"product_tag":[893],"class_list":{"0":"post-9777","1":"product","2":"type-product","3":"status-publish","4":"has-post-thumbnail","6":"product_cat-cutting-plotters","7":"product_tag-cameo-4","9":"first","10":"instock","11":"sale","12":"shipping-taxable","13":"purchasable","14":"product-type-simple"},"_links":{"self":[{"href":"https:\/\/www.inprint.md\/rou\/wp-json\/wp\/v2\/product\/9777","targetHints":{"allow":["GET"]}}],"collection":[{"href":"https:\/\/www.inprint.md\/rou\/wp-json\/wp\/v2\/product"}],"about":[{"href":"https:\/\/www.inprint.md\/rou\/wp-json\/wp\/v2\/types\/product"}],"replies":[{"embeddable":true,"href":"https:\/\/www.inprint.md\/rou\/wp-json\/wp\/v2\/comments?post=9777"}],"wp:featuredmedia":[{"embeddable":true,"href":"https:\/\/www.inprint.md\/rou\/wp-json\/wp\/v2\/media\/9778"}],"wp:attachment":[{"href":"https:\/\/www.inprint.md\/rou\/wp-json\/wp\/v2\/media?parent=9777"}],"wp:term":[{"taxonomy":"product_brand","embeddable":true,"href":"https:\/\/www.inprint.md\/rou\/wp-json\/wp\/v2\/product_brand?post=9777"},{"taxonomy":"product_cat","embeddable":true,"href":"https:\/\/www.inprint.md\/rou\/wp-json\/wp\/v2\/product_cat?post=9777"},{"taxonomy":"product_tag","embeddable":true,"href":"https:\/\/www.inprint.md\/rou\/wp-json\/wp\/v2\/product_tag?post=9777"}],"curies":[{"name":"wp","href":"https:\/\/api.w.org\/{rel}","templated":true}]}}