{"id":9788,"date":"2021-03-24T21:42:39","date_gmt":"2021-03-24T19:42:39","guid":{"rendered":"https:\/\/www.inprint.md\/?post_type=product&#038;p=9788"},"modified":"2026-02-19T16:55:51","modified_gmt":"2026-02-19T14:55:51","slug":"silhouette-cameo-pro","status":"publish","type":"product","link":"https:\/\/www.inprint.md\/rou\/product\/silhouette-cameo-pro\/","title":{"rendered":"Plotter de taiere Silhouette Cameo 4 PRO White"},"content":{"rendered":"<p><iframe title=\"Silhouette Cameo Pro 24&quot; Wide Vinyl Cutter Introduction &amp; Setup | Swing Design\" width=\"500\" height=\"281\" src=\"https:\/\/www.youtube.com\/embed\/C25bcy3ZDJU?feature=oembed\" frameborder=\"0\" allow=\"accelerometer; autoplay; clipboard-write; encrypted-media; gyroscope; picture-in-picture; web-share\" referrerpolicy=\"strict-origin-when-cross-origin\" allowfullscreen><\/iframe><\/p>\n","protected":false},"excerpt":{"rendered":"<p><span style=\"font-weight: bold;\">Tip<\/span><span style=\"font-weight: normal;\">: <\/span><span style=\"font-weight: normal;\">Plotter de taiere Silhouette Cameo 4 PRO<\/span><span style=\"font-weight: bold;\"><br \/>Motor<\/span>: Stepper<br \/><span style=\"font-weight: bold;\">T\u0103iere prin material<\/span>: Da<br \/><span style=\"font-weight: bold;\">T\u0103iere f\u0103r\u0103 kerrier<\/span>: Da<br \/><span style=\"font-weight: bold;\">Detectarea automat\u0103 a sculei<\/span>: Da<br \/><span style=\"font-weight: bold;\">Latime de taiere<\/span>: Pana la 60 cm.<br \/><span style=\"font-weight: bold;\">Presiunea cu\u021bitului<\/span>: P\u00e2n\u0103 la 500 g<br \/><span style=\"font-weight: bold;\">Grosimea maxim\u0103 a materialului<\/span>: 3 mm<br \/><span style=\"font-weight: bold;\">Lungime maxim\u0103 rol\u0103<\/span>: P\u00e2n\u0103 la 18 m<br \/><span style=\"font-weight: bold;\">Tip material suport<\/span>: Folii de transfer termic, folii autoadezive, carton, h\u00e2rtie, \u021bes\u0103tur\u0103, piele, p\u00e2sl\u0103 tare, spum\u0103, PET, folii de protec\u021bie, plut\u0103 \u0219i materiale spumante etc.<br \/><span style=\"font-weight: bold;\">Suport role<\/span>: Da<br \/><span style=\"font-weight: bold;\">Senzori infraro\u0219ii\/optici<\/span>: Da<br \/><span style=\"font-weight: bold;\">Conexiune PC<\/span>: Bluetooth \/ USB<br \/><span style=\"font-weight: bold;\">Consum de energie<\/span>: 24W<br \/><span style=\"font-weight: bold;\">Sistem de operare<\/span>: OS Mac 64bit \/ Windows 32\/64bit<br \/><span style=\"font-weight: bold;\">Software<\/span>: Silhouette Studio<\/p>\n","protected":false},"featured_media":9579,"comment_status":"open","ping_status":"closed","template":"","meta":[],"product_brand":[],"product_cat":[81],"product_tag":[893],"class_list":{"0":"post-9788","1":"product","2":"type-product","3":"status-publish","4":"has-post-thumbnail","6":"product_cat-cutting-plotters","7":"product_tag-cameo-4","9":"first","10":"outofstock","11":"shipping-taxable","12":"purchasable","13":"product-type-simple"},"_links":{"self":[{"href":"https:\/\/www.inprint.md\/rou\/wp-json\/wp\/v2\/product\/9788","targetHints":{"allow":["GET"]}}],"collection":[{"href":"https:\/\/www.inprint.md\/rou\/wp-json\/wp\/v2\/product"}],"about":[{"href":"https:\/\/www.inprint.md\/rou\/wp-json\/wp\/v2\/types\/product"}],"replies":[{"embeddable":true,"href":"https:\/\/www.inprint.md\/rou\/wp-json\/wp\/v2\/comments?post=9788"}],"wp:featuredmedia":[{"embeddable":true,"href":"https:\/\/www.inprint.md\/rou\/wp-json\/wp\/v2\/media\/9579"}],"wp:attachment":[{"href":"https:\/\/www.inprint.md\/rou\/wp-json\/wp\/v2\/media?parent=9788"}],"wp:term":[{"taxonomy":"product_brand","embeddable":true,"href":"https:\/\/www.inprint.md\/rou\/wp-json\/wp\/v2\/product_brand?post=9788"},{"taxonomy":"product_cat","embeddable":true,"href":"https:\/\/www.inprint.md\/rou\/wp-json\/wp\/v2\/product_cat?post=9788"},{"taxonomy":"product_tag","embeddable":true,"href":"https:\/\/www.inprint.md\/rou\/wp-json\/wp\/v2\/product_tag?post=9788"}],"curies":[{"name":"wp","href":"https:\/\/api.w.org\/{rel}","templated":true}]}}