{"id":9837,"date":"2021-04-01T20:47:29","date_gmt":"2021-04-01T17:47:29","guid":{"rendered":"https:\/\/www.inprint.md\/?post_type=product&#038;p=9837"},"modified":"2026-02-19T16:55:52","modified_gmt":"2026-02-19T14:55:52","slug":"silhouette-portrait-3","status":"publish","type":"product","link":"https:\/\/www.inprint.md\/rou\/product\/silhouette-portrait-3\/","title":{"rendered":"Plotter de taiere Silhouette Portrait 3"},"content":{"rendered":"","protected":false},"excerpt":{"rendered":"<p><span style=\"font-weight: bold;\">Tip<\/span><span style=\"font-weight: normal;\">: <\/span><span style=\"font-weight: normal;\">Plotter de taiere Silhouette Portrait 3<\/span><span style=\"font-weight: bold;\"><br \/>Motor<\/span>: Microstepping<br \/><span style=\"font-weight: bold;\">Latime material<\/span>: 20,3 cm<br \/><span style=\"font-weight: bold;\">L\u0103\u021bimea de t\u0103iere de lucru<\/span>: 20,3 cm<br \/><span style=\"font-weight: bold;\">Lungime material<\/span>: 18 m (30,5 cm cu kerrier)<br \/><span style=\"font-weight: bold;\">Grosimea maxim\u0103 a materialului<\/span>: 2mm<br \/><span style=\"font-weight: bold;\">Presiune maxim\u0103 la cu\u021bit<\/span>: 210 gr<br \/><span style=\"font-weight: bold;\">Materiale suportate pentru taiere<\/span>: H\u00e2rtie, carton, folie, \u021bes\u0103tur\u0103, transfer termic, folii pentru telefon, piele, plut\u0103 \u0219i spum\u0103 (cu cu\u021bite speciale), etc.<br \/><span style=\"font-weight: bold;\">Interfa\u021b\u0103<\/span>: USB 2.0, Bluetooth 4.0<br \/><span style=\"font-weight: bold;\">Software<\/span>: Silhouette Studio versiunea 4.3.341 sau mai recent\u0103<br \/><span style=\"font-weight: bold;\">Cerin\u021be minime pentru sistem de operare<\/span>: Windows 8.1 sau o versiune ulterioar\u0103, Mac OS X 10.10 sau o versiune ulterioar\u0103, procesor de 2 GHz, 4 GB RAM, 2 GB spa\u021biu liber pe disc<br \/><span style=\"font-weight: bold;\">Dimensiuni<\/span>: 41,1x14x11,2 cm<br \/><span style=\"font-weight: bold;\">Greutate<\/span>: 1,6 kg<\/p>\n","protected":false},"featured_media":9838,"comment_status":"open","ping_status":"closed","template":"","meta":[],"product_brand":[],"product_cat":[81],"product_tag":[893],"class_list":{"0":"post-9837","1":"product","2":"type-product","3":"status-publish","4":"has-post-thumbnail","6":"product_cat-cutting-plotters","7":"product_tag-cameo-4","9":"first","10":"outofstock","11":"shipping-taxable","12":"purchasable","13":"product-type-simple"},"_links":{"self":[{"href":"https:\/\/www.inprint.md\/rou\/wp-json\/wp\/v2\/product\/9837","targetHints":{"allow":["GET"]}}],"collection":[{"href":"https:\/\/www.inprint.md\/rou\/wp-json\/wp\/v2\/product"}],"about":[{"href":"https:\/\/www.inprint.md\/rou\/wp-json\/wp\/v2\/types\/product"}],"replies":[{"embeddable":true,"href":"https:\/\/www.inprint.md\/rou\/wp-json\/wp\/v2\/comments?post=9837"}],"wp:featuredmedia":[{"embeddable":true,"href":"https:\/\/www.inprint.md\/rou\/wp-json\/wp\/v2\/media\/9838"}],"wp:attachment":[{"href":"https:\/\/www.inprint.md\/rou\/wp-json\/wp\/v2\/media?parent=9837"}],"wp:term":[{"taxonomy":"product_brand","embeddable":true,"href":"https:\/\/www.inprint.md\/rou\/wp-json\/wp\/v2\/product_brand?post=9837"},{"taxonomy":"product_cat","embeddable":true,"href":"https:\/\/www.inprint.md\/rou\/wp-json\/wp\/v2\/product_cat?post=9837"},{"taxonomy":"product_tag","embeddable":true,"href":"https:\/\/www.inprint.md\/rou\/wp-json\/wp\/v2\/product_tag?post=9837"}],"curies":[{"name":"wp","href":"https:\/\/api.w.org\/{rel}","templated":true}]}}