{"id":986,"date":"2020-03-22T13:19:49","date_gmt":"2020-03-22T10:19:49","guid":{"rendered":"https:\/\/www.inprint.md\/?post_type=product&#038;p=986"},"modified":"2026-04-15T16:43:49","modified_gmt":"2026-04-15T13:43:49","slug":"roly-dogo-premium","status":"publish","type":"product","link":"https:\/\/www.inprint.md\/rou\/product\/roly-dogo-premium\/","title":{"rendered":"Roly Dogo Premium"},"content":{"rendered":"<p>Tricou cu m\u00e2nec\u0103 scurt\u0103, la baza g\u00e2tului cu 4 straturi \u0219i band\u0103 \u00eent\u0103rit\u0103 pentru acoperirea cus\u0103turii la guler \u0219i umeri. Cus\u0103turi laterale.<br \/>\nTricoul Dogo Premium este un must have cu design unisex.<\/p>\n<table border=\"1\" cellspacing=\"1\" cellpadding=\"4\" align=\"center\">\n<caption>Informatii tehnice suplimentare asupra produsului<\/caption>\n<tbody>\n<tr>\n<td style=\"text-align: center;\">Marimi<\/td>\n<td style=\"text-align: center;\">Masuri<br \/>\n(Latime\/Lungime)<\/td>\n<td style=\"text-align: center;\">Bucati<br \/>\npachet<\/td>\n<td style=\"text-align: center;\">Bucati<br \/>\ncutie<\/td>\n<\/tr>\n<tr>\n<td style=\"text-align: center;\"><strong>S<\/strong><\/td>\n<td style=\"text-align: center;\"><strong>[48cm\/69cm]<\/strong><\/td>\n<td style=\"text-align: center;\">5<\/td>\n<td style=\"text-align: center;\">100<\/td>\n<\/tr>\n<tr>\n<td style=\"text-align: center;\"><strong>M<\/strong><\/td>\n<td style=\"text-align: center;\"><strong>[50cm\/71cm]<\/strong><\/td>\n<td style=\"text-align: center;\">5<\/td>\n<td style=\"text-align: center;\">100<\/td>\n<\/tr>\n<tr>\n<td style=\"text-align: center;\"><strong>L<\/strong><\/td>\n<td style=\"text-align: center;\"><strong>[54cm\/73cm]<\/strong><\/td>\n<td style=\"text-align: center;\">5<\/td>\n<td style=\"text-align: center;\">100<\/td>\n<\/tr>\n<tr>\n<td style=\"text-align: center;\"><strong>XL<\/strong><\/td>\n<td style=\"text-align: center;\"><strong>[58cm\/75cm]<\/strong><\/td>\n<td style=\"text-align: center;\">5<\/td>\n<td style=\"text-align: center;\">100<\/td>\n<\/tr>\n<tr>\n<td style=\"text-align: center;\"><strong>XXL<\/strong><\/td>\n<td style=\"text-align: center;\"><strong>[62cm\/77cm]<\/strong><\/td>\n<td style=\"text-align: center;\">5<\/td>\n<td style=\"text-align: center;\">100<\/td>\n<\/tr>\n<tr>\n<td style=\"text-align: center;\"><strong>XXXL<\/strong><\/td>\n<td style=\"text-align: center;\"><strong>[66cm\/79cm]<\/strong><\/td>\n<td style=\"text-align: center;\">5<\/td>\n<td style=\"text-align: center;\">100<\/td>\n<\/tr>\n<\/tbody>\n<\/table>\n","protected":false},"excerpt":{"rendered":"<p><strong>Compozi\u021bie<\/strong><br \/>\n100% bumbac, punct neted, 165 g\/m\u00b2.<\/p>\n<p><strong>Ambalare<\/strong><br \/>\nPachet 5 unit\u0103\u021bi , Cutie 100 unit\u0103\u021bi<\/p>\n<p><strong>M\u0103rimi<\/strong><br \/>\nAdul\u021bi S, M, L, XL, XXL<\/p>\n","protected":false},"featured_media":901,"comment_status":"open","ping_status":"closed","template":"","meta":[],"product_brand":[],"product_cat":[348,18],"product_tag":[],"class_list":{"0":"post-986","1":"product","2":"type-product","3":"status-publish","4":"has-post-thumbnail","6":"product_cat-textile","7":"product_cat-t-shirts","9":"first","10":"instock","11":"shipping-taxable","12":"purchasable","13":"product-type-variable"},"_links":{"self":[{"href":"https:\/\/www.inprint.md\/rou\/wp-json\/wp\/v2\/product\/986","targetHints":{"allow":["GET"]}}],"collection":[{"href":"https:\/\/www.inprint.md\/rou\/wp-json\/wp\/v2\/product"}],"about":[{"href":"https:\/\/www.inprint.md\/rou\/wp-json\/wp\/v2\/types\/product"}],"replies":[{"embeddable":true,"href":"https:\/\/www.inprint.md\/rou\/wp-json\/wp\/v2\/comments?post=986"}],"wp:featuredmedia":[{"embeddable":true,"href":"https:\/\/www.inprint.md\/rou\/wp-json\/wp\/v2\/media\/901"}],"wp:attachment":[{"href":"https:\/\/www.inprint.md\/rou\/wp-json\/wp\/v2\/media?parent=986"}],"wp:term":[{"taxonomy":"product_brand","embeddable":true,"href":"https:\/\/www.inprint.md\/rou\/wp-json\/wp\/v2\/product_brand?post=986"},{"taxonomy":"product_cat","embeddable":true,"href":"https:\/\/www.inprint.md\/rou\/wp-json\/wp\/v2\/product_cat?post=986"},{"taxonomy":"product_tag","embeddable":true,"href":"https:\/\/www.inprint.md\/rou\/wp-json\/wp\/v2\/product_tag?post=986"}],"curies":[{"name":"wp","href":"https:\/\/api.w.org\/{rel}","templated":true}]}}