{"id":1123,"date":"2020-03-22T16:31:42","date_gmt":"2020-03-22T13:31:42","guid":{"rendered":"https:\/\/www.inprint.md\/?post_type=product&#038;p=1123"},"modified":"2026-04-08T12:30:17","modified_gmt":"2026-04-08T09:30:17","slug":"roly-polo-star","status":"publish","type":"product","link":"https:\/\/www.inprint.md\/ru\/product\/roly-polo-star\/","title":{"rendered":"Roly Polo Star"},"content":{"rendered":"<p>Tricou polo de b\u0103rbat cu m\u00e2nec\u0103 scurt\u0103. Band\u0103 \u00eent\u0103rit\u0103 pentru acoperirea cus\u0103turii la guler. Guler \u0219i man\u0219ete canelate. Cus\u0103turi laterale. Fant\u0103 cu trei nasturi. \u0218li\u021buti laterale.<br \/>\nTricoul Roly Polo Star cu guler \u0219i man\u0219ete canalate, este considerat un clasic datorit\u0103 design-ului \u0219i confortului pe care \u00eel ofer\u0103.<\/p>\n<table border=\"1\" cellspacing=\"1\" cellpadding=\"4\" align=\"center\">\n<caption>Informatii tehnice suplimentare asupra produsului<\/caption>\n<tbody>\n<tr>\n<td style=\"text-align: center;\">Marimi<\/td>\n<td style=\"text-align: center;\">Masuri<br \/>\n(Latime\/Lungime)<\/td>\n<td style=\"text-align: center;\">Bucati<br \/>\npachet<\/td>\n<td style=\"text-align: center;\">Bucati<br \/>\ncutie<\/td>\n<\/tr>\n<tr>\n<td style=\"text-align: center;\"><strong>XS<\/strong><\/td>\n<td style=\"text-align: center;\"><strong>[48cm\/65cm]<\/strong><\/td>\n<td style=\"text-align: center;\">5<\/td>\n<td style=\"text-align: center;\">50<\/td>\n<\/tr>\n<tr>\n<td style=\"text-align: center;\"><strong>S<\/strong><\/td>\n<td style=\"text-align: center;\"><strong>[51cm\/70cm]<\/strong><\/td>\n<td style=\"text-align: center;\">5<\/td>\n<td style=\"text-align: center;\">50<\/td>\n<\/tr>\n<tr>\n<td style=\"text-align: center;\"><strong>M<\/strong><\/td>\n<td style=\"text-align: center;\"><strong>[54cm\/72cm]<\/strong><\/td>\n<td style=\"text-align: center;\">5<\/td>\n<td style=\"text-align: center;\">50<\/td>\n<\/tr>\n<tr>\n<td style=\"text-align: center;\"><strong>L<\/strong><\/td>\n<td style=\"text-align: center;\"><strong>[57cm\/74cm]<\/strong><\/td>\n<td style=\"text-align: center;\">5<\/td>\n<td style=\"text-align: center;\">50<\/td>\n<\/tr>\n<tr>\n<td style=\"text-align: center;\"><strong>XL<\/strong><\/td>\n<td style=\"text-align: center;\"><strong>[60cm\/76cm]<\/strong><\/td>\n<td style=\"text-align: center;\">5<\/td>\n<td style=\"text-align: center;\">50<\/td>\n<\/tr>\n<tr>\n<td style=\"text-align: center;\"><strong>XXL<\/strong><\/td>\n<td style=\"text-align: center;\"><strong>[64cm\/79cm]<\/strong><\/td>\n<td style=\"text-align: center;\">5<\/td>\n<td style=\"text-align: center;\">50<\/td>\n<\/tr>\n<tr>\n<td style=\"text-align: center;\"><strong>XXXL<\/strong><\/td>\n<td style=\"text-align: center;\"><strong>[67cm\/82cm]<\/strong><\/td>\n<td style=\"text-align: center;\">5<\/td>\n<td style=\"text-align: center;\">50<\/td>\n<\/tr>\n<tr>\n<td style=\"text-align: center;\"><strong>3\/4 ani<\/strong><\/td>\n<td style=\"text-align: center;\"><strong>[35cm\/44cm]<\/strong><\/td>\n<td style=\"text-align: center;\">5<\/td>\n<td style=\"text-align: center;\">50<\/td>\n<\/tr>\n<tr>\n<td style=\"text-align: center;\"><strong>5\/6 ani<\/strong><\/td>\n<td style=\"text-align: center;\"><strong>[38cm\/48cm]<\/strong><\/td>\n<td style=\"text-align: center;\">5<\/td>\n<td style=\"text-align: center;\">50<\/td>\n<\/tr>\n<tr>\n<td style=\"text-align: center;\"><strong>7\/8 ani<\/strong><\/td>\n<td style=\"text-align: center;\"><strong>[41cm\/52cm]<\/strong><\/td>\n<td style=\"text-align: center;\">5<\/td>\n<td style=\"text-align: center;\">50<\/td>\n<\/tr>\n<tr>\n<td style=\"text-align: center;\"><strong>9\/10 ani<\/strong><\/td>\n<td style=\"text-align: center;\"><strong>[44cm\/56cm]<\/strong><\/td>\n<td style=\"text-align: center;\">5<\/td>\n<td style=\"text-align: center;\">50<\/td>\n<\/tr>\n<tr>\n<td style=\"text-align: center;\"><strong>11\/12 ani<\/strong><\/td>\n<td style=\"text-align: center;\"><strong>[48cm\/60cm]<\/strong><\/td>\n<td style=\"text-align: center;\">5<\/td>\n<td style=\"text-align: center;\">50<\/td>\n<\/tr>\n<\/tbody>\n<\/table>\n","protected":false},"excerpt":{"rendered":"<p><span class=\"subtitleDetails\"><strong>Compozi\u021bie<\/strong><br \/>\n<\/span><span id=\"MainContent_vComposition\">100% bumbac, punct pique, 200 g\/m\u00b2.<\/span><\/p>\n<p><span class=\"subtitleDetails\"><strong>Comentarii<\/strong><br \/>\n<\/span><span id=\"MainContent_vObservation\">*Culoarea gri melanj 58: 85% bumbac, punct pique \/ 15% \/ v\u00e2scoz\u0103.<br \/>\n*Disponibil pentru copii.<\/span><\/p>\n<p><span class=\"subtitleDetails\"><strong>Ambalare<\/strong><br \/>\n<\/span><span id=\"MainContent_Label4\">Pachet<\/span>\u00a0<span id=\"MainContent_vUnitsPack\">5<\/span>\u00a0<span id=\"MainContent_Label1\">unit\u0103\u021bi<\/span>\u00a0,\u00a0<span id=\"MainContent_Label5\">Cutie<\/span>\u00a0<span id=\"MainContent_vUnitsBox\">50<\/span>\u00a0<span id=\"MainContent_Label2\">unit\u0103\u021bi<\/span><\/p>\n<p><span class=\"subtitleDetails\"><strong>M\u0103rimi<\/strong><br \/>\n<\/span>Adul\u021bi S, M, L, XL,XXL\u00a0 Copii\u00a0 3\/4 ani, 5\/6 ani, 7\/8 ani, 9\/10 ani, 11\/12 ani<\/p>\n","protected":false},"featured_media":831,"comment_status":"open","ping_status":"closed","template":"","meta":[],"product_brand":[],"product_cat":[19],"product_tag":[],"class_list":{"0":"post-1123","1":"product","2":"type-product","3":"status-publish","4":"has-post-thumbnail","6":"product_cat-polo","8":"first","9":"instock","10":"sale","11":"shipping-taxable","12":"purchasable","13":"product-type-variable"},"_links":{"self":[{"href":"https:\/\/www.inprint.md\/ru\/wp-json\/wp\/v2\/product\/1123","targetHints":{"allow":["GET"]}}],"collection":[{"href":"https:\/\/www.inprint.md\/ru\/wp-json\/wp\/v2\/product"}],"about":[{"href":"https:\/\/www.inprint.md\/ru\/wp-json\/wp\/v2\/types\/product"}],"replies":[{"embeddable":true,"href":"https:\/\/www.inprint.md\/ru\/wp-json\/wp\/v2\/comments?post=1123"}],"wp:featuredmedia":[{"embeddable":true,"href":"https:\/\/www.inprint.md\/ru\/wp-json\/wp\/v2\/media\/831"}],"wp:attachment":[{"href":"https:\/\/www.inprint.md\/ru\/wp-json\/wp\/v2\/media?parent=1123"}],"wp:term":[{"taxonomy":"product_brand","embeddable":true,"href":"https:\/\/www.inprint.md\/ru\/wp-json\/wp\/v2\/product_brand?post=1123"},{"taxonomy":"product_cat","embeddable":true,"href":"https:\/\/www.inprint.md\/ru\/wp-json\/wp\/v2\/product_cat?post=1123"},{"taxonomy":"product_tag","embeddable":true,"href":"https:\/\/www.inprint.md\/ru\/wp-json\/wp\/v2\/product_tag?post=1123"}],"curies":[{"name":"wp","href":"https:\/\/api.w.org\/{rel}","templated":true}]}}