{"id":12683,"date":"2021-09-15T12:51:49","date_gmt":"2021-09-15T09:51:49","guid":{"rendered":"https:\/\/www.inprint.md\/rou\/?post_type=product&#038;p=12683"},"modified":"2026-04-01T10:47:34","modified_gmt":"2026-04-01T07:47:34","slug":"roly-polo-estrella-l-s","status":"publish","type":"product","link":"https:\/\/www.inprint.md\/ru\/product\/roly-polo-estrella-l-s\/","title":{"rendered":"Roly Polo Estrella L\/S"},"content":{"rendered":"<table border=\"1\" cellspacing=\"1\" cellpadding=\"4\" align=\"center\">\n<caption>Informatii tehnice suplimentare asupra produsului<\/caption>\n<tbody>\n<tr>\n<td style=\"text-align: center;\">Marimi<\/td>\n<td style=\"text-align: center;\">Masuri<br \/>\n(Latime\/Lungime)<\/td>\n<td style=\"text-align: center;\">Bucati<br \/>\npachet<\/td>\n<td style=\"text-align: center;\">Bucati<br \/>\ncutie<\/td>\n<\/tr>\n<tr>\n<td style=\"text-align: center;\"><strong>S<\/strong><\/td>\n<td style=\"text-align: center;\"><strong>[49cm\/69cm]<\/strong><\/td>\n<td style=\"text-align: center;\">1<\/td>\n<td style=\"text-align: center;\">25<\/td>\n<\/tr>\n<tr>\n<td style=\"text-align: center;\"><strong>M<\/strong><\/td>\n<td style=\"text-align: center;\"><strong>[52cm\/71cm]<\/strong><\/td>\n<td style=\"text-align: center;\">1<\/td>\n<td style=\"text-align: center;\">25<\/td>\n<\/tr>\n<tr>\n<td style=\"text-align: center;\"><strong>L<\/strong><\/td>\n<td style=\"text-align: center;\"><strong>[55cm\/73cm]<\/strong><\/td>\n<td style=\"text-align: center;\">1<\/td>\n<td style=\"text-align: center;\">25<\/td>\n<\/tr>\n<tr>\n<td style=\"text-align: center;\"><strong>XL<\/strong><\/td>\n<td style=\"text-align: center;\"><strong>[58cm\/75cm]<\/strong><\/td>\n<td style=\"text-align: center;\">1<\/td>\n<td style=\"text-align: center;\">25<\/td>\n<\/tr>\n<\/tbody>\n<\/table>\n","protected":false},"excerpt":{"rendered":"<p>Tricou polo cu m\u00e2nec\u0103 lung\u0103, guler \u0219i man\u0219ete \u00een canal\u00e9 1&#215;1 cu elastan \u0219i fant\u0103 cu 3 nasturi. Band\u0103 \u00eent\u0103rit\u0103 pentru acoperirea cus\u0103turii la guler.<\/p>\n<p><span class=\"subtitleDetails\"><strong>Compozi\u021bie<\/strong><br \/>\n<\/span><span id=\"MainContent_vComposition\">100% bumbac, punct pique, 220 g\/m\u00b2.<\/span><\/p>\n<p><span class=\"subtitleDetails\"><strong>Ambalare<\/strong><br \/>\n<\/span><span id=\"MainContent_Label4\">Pachet<\/span> 1\u00a0<span id=\"MainContent_Label1\">unitate<\/span>\u00a0,\u00a0<span id=\"MainContent_Label5\">Cutie<\/span> 25 <span id=\"MainContent_Label2\">unit\u0103\u021bi<\/span><\/p>\n<p><span class=\"subtitleDetails\"><strong>M\u0103rimi<\/strong><br \/>\n<\/span>Adul\u021bi S, M, L, XL.<\/p>\n","protected":false},"featured_media":12704,"comment_status":"open","ping_status":"closed","template":"","meta":[],"product_brand":[],"product_cat":[19],"product_tag":[],"class_list":{"0":"post-12683","1":"product","2":"type-product","3":"status-publish","4":"has-post-thumbnail","6":"product_cat-polo","8":"first","9":"instock","10":"shipping-taxable","11":"purchasable","12":"product-type-variable"},"_links":{"self":[{"href":"https:\/\/www.inprint.md\/ru\/wp-json\/wp\/v2\/product\/12683","targetHints":{"allow":["GET"]}}],"collection":[{"href":"https:\/\/www.inprint.md\/ru\/wp-json\/wp\/v2\/product"}],"about":[{"href":"https:\/\/www.inprint.md\/ru\/wp-json\/wp\/v2\/types\/product"}],"replies":[{"embeddable":true,"href":"https:\/\/www.inprint.md\/ru\/wp-json\/wp\/v2\/comments?post=12683"}],"wp:featuredmedia":[{"embeddable":true,"href":"https:\/\/www.inprint.md\/ru\/wp-json\/wp\/v2\/media\/12704"}],"wp:attachment":[{"href":"https:\/\/www.inprint.md\/ru\/wp-json\/wp\/v2\/media?parent=12683"}],"wp:term":[{"taxonomy":"product_brand","embeddable":true,"href":"https:\/\/www.inprint.md\/ru\/wp-json\/wp\/v2\/product_brand?post=12683"},{"taxonomy":"product_cat","embeddable":true,"href":"https:\/\/www.inprint.md\/ru\/wp-json\/wp\/v2\/product_cat?post=12683"},{"taxonomy":"product_tag","embeddable":true,"href":"https:\/\/www.inprint.md\/ru\/wp-json\/wp\/v2\/product_tag?post=12683"}],"curies":[{"name":"wp","href":"https:\/\/api.w.org\/{rel}","templated":true}]}}